{"id":1168,"date":"2016-02-13T18:29:12","date_gmt":"2016-02-13T16:29:12","guid":{"rendered":"http:\/\/www.nuvf.de\/wordpress\/?page_id=1168"},"modified":"2021-07-02T10:15:07","modified_gmt":"2021-07-02T08:15:07","slug":"nisthilfen","status":"publish","type":"page","link":"http:\/\/www.nuvf.de\/wordpress\/?page_id=1168","title":{"rendered":"Nisthilfen"},"content":{"rendered":"<p>Views: 596<\/p>\n<p>Die urspr\u00fcnglichen Lebensr\u00e4ume unserer Gartenv\u00f6gel sind lichte W\u00e4lder oder Offenlandschaften mit vielen B\u00e4umen. Sie zeichneten sich u. a. durch einen hohen Totholzanteil aus. Totholz wird nicht nur als Nahrungsquelle genutzt &#8211; viele Insekten leben darin &#8211; sondern vor allem als Nistm\u00f6glichkeit.<\/p>\n\n\n\n<figure class=\"wp-block-image size-large\"><a href=\"http:\/\/www.nuvf.de\/wordpress\/wp-content\/uploads\/2021\/02\/Totholz-2018.jpg\"><img loading=\"lazy\" decoding=\"async\" width=\"1024\" height=\"686\" src=\"http:\/\/www.nuvf.de\/wordpress\/wp-content\/uploads\/2021\/02\/Totholz-2018-1024x686.jpg\" alt=\"\" class=\"wp-image-6632\" srcset=\"http:\/\/www.nuvf.de\/wordpress\/wp-content\/uploads\/2021\/02\/Totholz-2018-1024x686.jpg 1024w, http:\/\/www.nuvf.de\/wordpress\/wp-content\/uploads\/2021\/02\/Totholz-2018-300x201.jpg 300w, http:\/\/www.nuvf.de\/wordpress\/wp-content\/uploads\/2021\/02\/Totholz-2018-768x514.jpg 768w, http:\/\/www.nuvf.de\/wordpress\/wp-content\/uploads\/2021\/02\/Totholz-2018-1536x1029.jpg 1536w, http:\/\/www.nuvf.de\/wordpress\/wp-content\/uploads\/2021\/02\/Totholz-2018-2048x1371.jpg 2048w\" sizes=\"auto, (max-width: 1024px) 100vw, 1024px\" \/><\/a><figcaption>\u00a9 A. Hakala<\/figcaption><\/figure>\n\n\n\n<p>Viele Vogelarten nutzen H\u00f6hlen in B\u00e4umen zur Aufzucht der Jungen. An erster Stelle steht nat\u00fcrlich der Specht, der eine H\u00f6hle zimmert. Danach ziehen die verschiedensten Arten ein, je nach Gr\u00f6\u00dfe und Beschaffenheit der H\u00f6hle.<\/p>\n\n\n\n<figure class=\"wp-block-image size-large\"><a href=\"http:\/\/www.nuvf.de\/wordpress\/wp-content\/uploads\/2021\/06\/Mittelspecht-2021-05-30.jpg\"><img loading=\"lazy\" decoding=\"async\" width=\"1024\" height=\"683\" src=\"http:\/\/www.nuvf.de\/wordpress\/wp-content\/uploads\/2021\/06\/Mittelspecht-2021-05-30-1024x683.jpg\" alt=\"\" class=\"wp-image-7029\" srcset=\"http:\/\/www.nuvf.de\/wordpress\/wp-content\/uploads\/2021\/06\/Mittelspecht-2021-05-30-1024x683.jpg 1024w, http:\/\/www.nuvf.de\/wordpress\/wp-content\/uploads\/2021\/06\/Mittelspecht-2021-05-30-300x200.jpg 300w, http:\/\/www.nuvf.de\/wordpress\/wp-content\/uploads\/2021\/06\/Mittelspecht-2021-05-30-768x512.jpg 768w, http:\/\/www.nuvf.de\/wordpress\/wp-content\/uploads\/2021\/06\/Mittelspecht-2021-05-30-1536x1025.jpg 1536w, http:\/\/www.nuvf.de\/wordpress\/wp-content\/uploads\/2021\/06\/Mittelspecht-2021-05-30.jpg 1800w\" sizes=\"auto, (max-width: 1024px) 100vw, 1024px\" \/><\/a><figcaption>Mittelspecht \u00a9 A. Hakala<\/figcaption><\/figure>\n\n\n\n<p>Ist das Einflugloch noch klein, nutzen kleine Singv\u00f6gel wie Meisen, Kleiber und Bauml\u00e4ufer die H\u00f6hle. Fault die H\u00f6hle aus und wird das Einflugloch gr\u00f6\u00dfer, nutzen auch gro\u00dfe Arten wie Tauben, K\u00e4uze oder Dohlen die H\u00f6hle. Aber nicht nur V\u00f6gel nutzen die H\u00f6hlungen, auch Siebenschl\u00e4fer oder Baummarder nehmen diese Nischen als Quartier an.<\/p>\n\n\n\n<p>Heutzutage gibt es allerdings in den wenigsten Gebieten noch gen\u00fcgend Totholz und somit auch nicht gen\u00fcgend Nisth\u00f6hlen. Diesem Mangel kann man mit k\u00fcnstlichen Nisthilfen oder -h\u00f6hlen abhelfen.<\/p>\n\n\n\n<figure class=\"wp-block-image size-large\"><a href=\"http:\/\/www.nuvf.de\/wordpress\/wp-content\/uploads\/2021\/03\/Kleiber-2021-03-20-7.jpg\"><img loading=\"lazy\" decoding=\"async\" width=\"1024\" height=\"683\" src=\"http:\/\/www.nuvf.de\/wordpress\/wp-content\/uploads\/2021\/03\/Kleiber-2021-03-20-7-1024x683.jpg\" alt=\"\" class=\"wp-image-6729\" srcset=\"http:\/\/www.nuvf.de\/wordpress\/wp-content\/uploads\/2021\/03\/Kleiber-2021-03-20-7-1024x683.jpg 1024w, http:\/\/www.nuvf.de\/wordpress\/wp-content\/uploads\/2021\/03\/Kleiber-2021-03-20-7-300x200.jpg 300w, http:\/\/www.nuvf.de\/wordpress\/wp-content\/uploads\/2021\/03\/Kleiber-2021-03-20-7-768x512.jpg 768w, http:\/\/www.nuvf.de\/wordpress\/wp-content\/uploads\/2021\/03\/Kleiber-2021-03-20-7-1536x1025.jpg 1536w, http:\/\/www.nuvf.de\/wordpress\/wp-content\/uploads\/2021\/03\/Kleiber-2021-03-20-7.jpg 1800w\" sizes=\"auto, (max-width: 1024px) 100vw, 1024px\" \/><\/a><figcaption>Kleiber \u00a9 A. Hakala<\/figcaption><\/figure>\n\n\n\n<p>Entwickelt wurden die ersten Nisthilfen Ende des 19. Jahrhunderts. Sie dienten in erster Linie der biologischen Sch\u00e4dlingsbek\u00e4mpfung in den Wirtschaftsw\u00e4ldern.<\/p>\n\n\n\n<p>Man erkannte damals, dass V\u00f6gel Insekten fressen und somit Sch\u00e4dlinge vernichten, die in Wirtschaftsw\u00e4ldern gro\u00dfen Schaden anrichten k\u00f6nnen. Mit der Zeit wurden immer mehr Nisthilfen f\u00fcr die verschiedenen Arten entwickelt.<\/p>\n\n\n\n<p>Schon in den Anfangsjahren unseres Vereins war neben der Zucht von Zierv\u00f6geln der Schutz der heimische Vogelwelt und ihrer Lebensr\u00e4ume ein weiterer Schwerpunkt des Vereinsinteresses. In den ersten Jahren begann man Nistk\u00e4sten in den umliegenden Waldgrundst\u00fccken aufzuh\u00e4ngen und zu betreuen. Inzwischen sind es \u00fcber 300 Nistk\u00e4sten im gesamten Gemeindegebiet.<\/p>\n\n\n\n<figure class=\"wp-block-image size-large\"><a href=\"http:\/\/www.nuvf.de\/wordpress\/wp-content\/uploads\/2017\/05\/Kohlmeise-klein.jpg\"><img loading=\"lazy\" decoding=\"async\" width=\"968\" height=\"648\" src=\"http:\/\/www.nuvf.de\/wordpress\/wp-content\/uploads\/2017\/05\/Kohlmeise-klein.jpg\" alt=\"Kohlmeise - Copyright A. Hakala\" class=\"wp-image-3393\" srcset=\"http:\/\/www.nuvf.de\/wordpress\/wp-content\/uploads\/2017\/05\/Kohlmeise-klein.jpg 968w, http:\/\/www.nuvf.de\/wordpress\/wp-content\/uploads\/2017\/05\/Kohlmeise-klein-300x201.jpg 300w, http:\/\/www.nuvf.de\/wordpress\/wp-content\/uploads\/2017\/05\/Kohlmeise-klein-768x514.jpg 768w\" sizes=\"auto, (max-width: 968px) 100vw, 968px\" \/><\/a><figcaption>Kohlmeise \u00a9 A. Hakala<\/figcaption><\/figure>\n\n\n\n<p>Bewohner unserer Nistk\u00e4sten sind vor allem Kohl- und Blaumeisen, Kleiber, Gartenrotschwanz, vereinzelt Feldsperlinge. Weniger gern gesehen, aber geduldet werden Haselmaus, Gartenschl\u00e4fer und Hornissen.<\/p>\n\n\n\n<figure class=\"wp-block-image\"><img loading=\"lazy\" decoding=\"async\" width=\"968\" height=\"648\" src=\"http:\/\/www.nuvf.de\/wordpress\/wp-content\/uploads\/2016\/10\/Hornissennest-02-klein.jpg\" alt=\"Hornissen - Copyright A. Hakala\" class=\"wp-image-2485\" srcset=\"http:\/\/www.nuvf.de\/wordpress\/wp-content\/uploads\/2016\/10\/Hornissennest-02-klein.jpg 968w, http:\/\/www.nuvf.de\/wordpress\/wp-content\/uploads\/2016\/10\/Hornissennest-02-klein-300x201.jpg 300w, http:\/\/www.nuvf.de\/wordpress\/wp-content\/uploads\/2016\/10\/Hornissennest-02-klein-768x514.jpg 768w\" sizes=\"auto, (max-width: 968px) 100vw, 968px\" \/><figcaption>Hornissen \u00a9 A. Hakala<\/figcaption><\/figure>\n\n\n\n<p>Mit Nistk\u00e4sten kann man den H\u00f6hlen- und Halbh\u00f6hlenbr\u00fcter Nistgelegenheiten anbieten. Was aber mit den Freibr\u00fctern? Durch die Bepflanzung der Bachufer mit heimischen Str\u00e4uchern, wie Wei\u00dfdorn, Schwarzdorn, Kornelkirsche usw. versuchen wir auch den Heckenbr\u00fctern Nahrungs- und Nistm\u00f6glichkeiten anzubieten.<\/p>\n\n\n\n<figure class=\"wp-block-image\"><img loading=\"lazy\" decoding=\"async\" width=\"980\" height=\"735\" src=\"http:\/\/www.nuvf.de\/wordpress\/wp-content\/uploads\/2015\/12\/Bachpflege-2015-Dez-7.jpg\" alt=\"Hecke f\u00fcr Kleinlebewesen bauen\" class=\"wp-image-793\" srcset=\"http:\/\/www.nuvf.de\/wordpress\/wp-content\/uploads\/2015\/12\/Bachpflege-2015-Dez-7.jpg 980w, http:\/\/www.nuvf.de\/wordpress\/wp-content\/uploads\/2015\/12\/Bachpflege-2015-Dez-7-300x225.jpg 300w\" sizes=\"auto, (max-width: 980px) 100vw, 980px\" \/><\/figure>\n","protected":false},"excerpt":{"rendered":"<p>Views: 596 Die urspr\u00fcnglichen Lebensr\u00e4ume unserer Gartenv\u00f6gel sind lichte W\u00e4lder oder Offenlandschaften mit vielen B\u00e4umen. Sie zeichneten sich u. a. durch einen hohen Totholzanteil aus. Totholz wird nicht nur als Nahrungsquelle genutzt &#8211; viele Insekten leben darin &#8211; sondern vor allem als Nistm\u00f6glichkeit. Viele Vogelarten nutzen H\u00f6hlen in B\u00e4umen zur Aufzucht der Jungen. An erster &hellip; <a href=\"http:\/\/www.nuvf.de\/wordpress\/?page_id=1168\" class=\"more-link\"><span class=\"screen-reader-text\">Nisthilfen<\/span> weiterlesen <span class=\"meta-nav\">&rarr;<\/span><\/a><\/p>\n","protected":false},"author":4,"featured_media":0,"parent":7,"menu_order":130,"comment_status":"closed","ping_status":"closed","template":"","meta":{"footnotes":""},"class_list":["post-1168","page","type-page","status-publish","hentry"],"_links":{"self":[{"href":"http:\/\/www.nuvf.de\/wordpress\/index.php?rest_route=\/wp\/v2\/pages\/1168","targetHints":{"allow":["GET"]}}],"collection":[{"href":"http:\/\/www.nuvf.de\/wordpress\/index.php?rest_route=\/wp\/v2\/pages"}],"about":[{"href":"http:\/\/www.nuvf.de\/wordpress\/index.php?rest_route=\/wp\/v2\/types\/page"}],"author":[{"embeddable":true,"href":"http:\/\/www.nuvf.de\/wordpress\/index.php?rest_route=\/wp\/v2\/users\/4"}],"replies":[{"embeddable":true,"href":"http:\/\/www.nuvf.de\/wordpress\/index.php?rest_route=%2Fwp%2Fv2%2Fcomments&post=1168"}],"version-history":[{"count":34,"href":"http:\/\/www.nuvf.de\/wordpress\/index.php?rest_route=\/wp\/v2\/pages\/1168\/revisions"}],"predecessor-version":[{"id":7138,"href":"http:\/\/www.nuvf.de\/wordpress\/index.php?rest_route=\/wp\/v2\/pages\/1168\/revisions\/7138"}],"up":[{"embeddable":true,"href":"http:\/\/www.nuvf.de\/wordpress\/index.php?rest_route=\/wp\/v2\/pages\/7"}],"wp:attachment":[{"href":"http:\/\/www.nuvf.de\/wordpress\/index.php?rest_route=%2Fwp%2Fv2%2Fmedia&parent=1168"}],"curies":[{"name":"wp","href":"https:\/\/api.w.org\/{rel}","templated":true}]}}