{"id":1564,"date":"2016-04-23T16:02:32","date_gmt":"2016-04-23T14:02:32","guid":{"rendered":"http:\/\/www.nuvf.de\/wordpress\/?page_id=1564"},"modified":"2020-02-17T11:36:28","modified_gmt":"2020-02-17T09:36:28","slug":"schutz-und-pflege-der-heimischen-pflanzen-und-tierwelt-und-ihrer-lebensraeume-2","status":"publish","type":"page","link":"http:\/\/www.nuvf.de\/wordpress\/?page_id=1564","title":{"rendered":"Biotopvernetzung"},"content":{"rendered":"<p>Views: 642<\/p>\n<p class=\"has-medium-font-size\">Die Biotopvernetzung ist ein Instrument zur dauerhaften St\u00e4rkung des vorhandenen Bestandes an naturnahen Fl\u00e4chen (*).<\/p>\n\n\n\n<p class=\"has-medium-font-size\">Durch die Vernetzung und Verkn\u00fcpfung dieser Lebensr\u00e4ume und durch die Gestaltung neuer Landschaftselemente wie Hecken oder Ackerrandstreifen schafft die Biotopvernetzung eine Grundlage f\u00fcr die Bestandssicherung und f\u00fcr die Entwicklung der wildlebenden Tiere und Pflanzen in Agrarlandschaften (*).<\/p>\n\n\n\n<p>*<em>Quelle: Landesanstalt f\u00fcr Umwelt, Messungen und Naturschutz Baden-W\u00fcrttemberg<\/em><\/p>\n\n\n\n<figure class=\"wp-block-image size-large\"><img loading=\"lazy\" decoding=\"async\" width=\"1024\" height=\"683\" src=\"http:\/\/www.nuvf.de\/wordpress\/wp-content\/uploads\/2019\/11\/DSC_8145-1024x683.jpg\" alt=\"\" class=\"wp-image-5882\" srcset=\"http:\/\/www.nuvf.de\/wordpress\/wp-content\/uploads\/2019\/11\/DSC_8145-1024x683.jpg 1024w, http:\/\/www.nuvf.de\/wordpress\/wp-content\/uploads\/2019\/11\/DSC_8145-300x200.jpg 300w, http:\/\/www.nuvf.de\/wordpress\/wp-content\/uploads\/2019\/11\/DSC_8145-768x512.jpg 768w, http:\/\/www.nuvf.de\/wordpress\/wp-content\/uploads\/2019\/11\/DSC_8145.jpg 1800w\" sizes=\"auto, (max-width: 1024px) 100vw, 1024px\" \/><figcaption>\u00a9 A. Hakala<\/figcaption><\/figure>\n\n\n\n<p class=\"has-medium-font-size\">Mit dem Erwerb von geeigneten Wald- und Wiesengrundst\u00fccken versuchen wir R\u00fcckzugsr\u00e4ume f\u00fcr die heimisch Tier- und Pflanzenwelt zu schaffen.<\/p>\n\n\n\n<p class=\"has-medium-font-size\">Ein ferneres Ziel ist dann eine Vernetzung dieser Biotope. Kleinlebewesen k\u00f6nnen sich in einem solchen Netz ohne Hindernisse besser ausbreiten.<\/p>\n\n\n\n<p class=\"has-medium-font-size\">In den vergangenen Jahren haben wir aus diesem Grund mehrere Grundst\u00fccke erworben.<\/p>\n\n\n\n<p>s. auch <a href=\"http:\/\/www.nuvf.de\/wordpress\/?page_id=5272\"><strong>Projekte<\/strong><\/a><\/p>\n\n\n\n<p><\/p>\n","protected":false},"excerpt":{"rendered":"<p>Views: 642 Die Biotopvernetzung ist ein Instrument zur dauerhaften St\u00e4rkung des vorhandenen Bestandes an naturnahen Fl\u00e4chen (*). Durch die Vernetzung und Verkn\u00fcpfung dieser Lebensr\u00e4ume und durch die Gestaltung neuer Landschaftselemente wie Hecken oder Ackerrandstreifen schafft die Biotopvernetzung eine Grundlage f\u00fcr die Bestandssicherung und f\u00fcr die Entwicklung der wildlebenden Tiere und Pflanzen in Agrarlandschaften (*). *Quelle: &hellip; <a href=\"http:\/\/www.nuvf.de\/wordpress\/?page_id=1564\" class=\"more-link\"><span class=\"screen-reader-text\">Biotopvernetzung<\/span> weiterlesen <span class=\"meta-nav\">&rarr;<\/span><\/a><\/p>\n","protected":false},"author":4,"featured_media":0,"parent":7,"menu_order":115,"comment_status":"closed","ping_status":"closed","template":"","meta":{"footnotes":""},"class_list":["post-1564","page","type-page","status-publish","hentry"],"_links":{"self":[{"href":"http:\/\/www.nuvf.de\/wordpress\/index.php?rest_route=\/wp\/v2\/pages\/1564","targetHints":{"allow":["GET"]}}],"collection":[{"href":"http:\/\/www.nuvf.de\/wordpress\/index.php?rest_route=\/wp\/v2\/pages"}],"about":[{"href":"http:\/\/www.nuvf.de\/wordpress\/index.php?rest_route=\/wp\/v2\/types\/page"}],"author":[{"embeddable":true,"href":"http:\/\/www.nuvf.de\/wordpress\/index.php?rest_route=\/wp\/v2\/users\/4"}],"replies":[{"embeddable":true,"href":"http:\/\/www.nuvf.de\/wordpress\/index.php?rest_route=%2Fwp%2Fv2%2Fcomments&post=1564"}],"version-history":[{"count":19,"href":"http:\/\/www.nuvf.de\/wordpress\/index.php?rest_route=\/wp\/v2\/pages\/1564\/revisions"}],"predecessor-version":[{"id":6147,"href":"http:\/\/www.nuvf.de\/wordpress\/index.php?rest_route=\/wp\/v2\/pages\/1564\/revisions\/6147"}],"up":[{"embeddable":true,"href":"http:\/\/www.nuvf.de\/wordpress\/index.php?rest_route=\/wp\/v2\/pages\/7"}],"wp:attachment":[{"href":"http:\/\/www.nuvf.de\/wordpress\/index.php?rest_route=%2Fwp%2Fv2%2Fmedia&parent=1564"}],"curies":[{"name":"wp","href":"https:\/\/api.w.org\/{rel}","templated":true}]}}