{"id":2175,"date":"2016-07-21T18:37:38","date_gmt":"2016-07-21T16:37:38","guid":{"rendered":"http:\/\/www.nuvf.de\/wordpress\/?page_id=2175"},"modified":"2022-03-11T09:52:30","modified_gmt":"2022-03-11T07:52:30","slug":"wiederansiedlung-des-steinkauzes","status":"publish","type":"page","link":"http:\/\/www.nuvf.de\/wordpress\/?page_id=2175","title":{"rendered":"2015 Wiederansiedlung des Steinkauzes"},"content":{"rendered":"<p>Views: 516<\/p>\n<figure class=\"wp-block-image size-full\"><a href=\"http:\/\/www.nuvf.de\/wordpress\/wp-content\/uploads\/2016\/07\/Steinkauz-Andy-Meier-01.jpg\"><img loading=\"lazy\" decoding=\"async\" width=\"912\" height=\"684\" src=\"http:\/\/www.nuvf.de\/wordpress\/wp-content\/uploads\/2016\/07\/Steinkauz-Andy-Meier-01.jpg\" alt=\"\" class=\"wp-image-2177\" srcset=\"http:\/\/www.nuvf.de\/wordpress\/wp-content\/uploads\/2016\/07\/Steinkauz-Andy-Meier-01.jpg 912w, http:\/\/www.nuvf.de\/wordpress\/wp-content\/uploads\/2016\/07\/Steinkauz-Andy-Meier-01-300x225.jpg 300w, http:\/\/www.nuvf.de\/wordpress\/wp-content\/uploads\/2016\/07\/Steinkauz-Andy-Meier-01-768x576.jpg 768w\" sizes=\"auto, (max-width: 912px) 100vw, 912px\" \/><\/a><figcaption>Copyright Andy Meier &#8211; www.swiss-tierfilm.ch<\/figcaption><\/figure>\n\n\n<p>Die Wiederansiedlung des Steinkauzes ist seit etwa 2 &#8211; 3 Jahren ein Schwerpunkt unseres Programms. Wir haben an verschiedenen Orten auf der Gemarkung Efringen-Kirchen insgesamt 8 Steinkauzk\u00e4sten aufgeh\u00e4ngt. Bisher wurde keiner der K\u00e4sten angenommen, dies zeigt eindringlich, wie schwer eine Wiederansiedlung von verschwundenen Arten ist. Trotz aller R\u00fcckschl\u00e4ge werden wir weiter hoffen.<\/p>\n<div id='gallery-1' class='gallery galleryid-2175 gallery-columns-2 gallery-size-medium'><figure class='gallery-item'>\n\t\t\t<div class='gallery-icon landscape'>\n\t\t\t\t<a href='http:\/\/www.nuvf.de\/wordpress\/wp-content\/uploads\/2016\/07\/Steinkauznest-03-klein.jpg'><img loading=\"lazy\" decoding=\"async\" width=\"300\" height=\"225\" src=\"http:\/\/www.nuvf.de\/wordpress\/wp-content\/uploads\/2016\/07\/Steinkauznest-03-klein-300x225.jpg\" class=\"attachment-medium size-medium\" alt=\"\" srcset=\"http:\/\/www.nuvf.de\/wordpress\/wp-content\/uploads\/2016\/07\/Steinkauznest-03-klein-300x225.jpg 300w, http:\/\/www.nuvf.de\/wordpress\/wp-content\/uploads\/2016\/07\/Steinkauznest-03-klein-768x576.jpg 768w, http:\/\/www.nuvf.de\/wordpress\/wp-content\/uploads\/2016\/07\/Steinkauznest-03-klein.jpg 980w\" sizes=\"auto, (max-width: 300px) 100vw, 300px\" \/><\/a>\n\t\t\t<\/div><\/figure><figure class='gallery-item'>\n\t\t\t<div class='gallery-icon landscape'>\n\t\t\t\t<a href='http:\/\/www.nuvf.de\/wordpress\/wp-content\/uploads\/2016\/07\/Steinkauznest-01-klein.jpg'><img loading=\"lazy\" decoding=\"async\" width=\"300\" height=\"225\" src=\"http:\/\/www.nuvf.de\/wordpress\/wp-content\/uploads\/2016\/07\/Steinkauznest-01-klein-300x225.jpg\" class=\"attachment-medium size-medium\" alt=\"\" srcset=\"http:\/\/www.nuvf.de\/wordpress\/wp-content\/uploads\/2016\/07\/Steinkauznest-01-klein-300x225.jpg 300w, http:\/\/www.nuvf.de\/wordpress\/wp-content\/uploads\/2016\/07\/Steinkauznest-01-klein-768x576.jpg 768w, http:\/\/www.nuvf.de\/wordpress\/wp-content\/uploads\/2016\/07\/Steinkauznest-01-klein.jpg 980w\" sizes=\"auto, (max-width: 300px) 100vw, 300px\" \/><\/a>\n\t\t\t<\/div><\/figure><figure class='gallery-item'>\n\t\t\t<div class='gallery-icon landscape'>\n\t\t\t\t<a href='http:\/\/www.nuvf.de\/wordpress\/wp-content\/uploads\/2016\/07\/Steinkauznest-02-klein.jpg'><img loading=\"lazy\" decoding=\"async\" width=\"300\" height=\"225\" src=\"http:\/\/www.nuvf.de\/wordpress\/wp-content\/uploads\/2016\/07\/Steinkauznest-02-klein-300x225.jpg\" class=\"attachment-medium size-medium\" alt=\"\" srcset=\"http:\/\/www.nuvf.de\/wordpress\/wp-content\/uploads\/2016\/07\/Steinkauznest-02-klein-300x225.jpg 300w, http:\/\/www.nuvf.de\/wordpress\/wp-content\/uploads\/2016\/07\/Steinkauznest-02-klein-768x576.jpg 768w, http:\/\/www.nuvf.de\/wordpress\/wp-content\/uploads\/2016\/07\/Steinkauznest-02-klein.jpg 980w\" sizes=\"auto, (max-width: 300px) 100vw, 300px\" \/><\/a>\n\t\t\t<\/div><\/figure><figure class='gallery-item'>\n\t\t\t<div class='gallery-icon landscape'>\n\t\t\t\t<a href='http:\/\/www.nuvf.de\/wordpress\/wp-content\/uploads\/2019\/09\/NuVf-A.-Hakala-3.jpg'><img loading=\"lazy\" decoding=\"async\" width=\"300\" height=\"200\" src=\"http:\/\/www.nuvf.de\/wordpress\/wp-content\/uploads\/2019\/09\/NuVf-A.-Hakala-3-300x200.jpg\" class=\"attachment-medium size-medium\" alt=\"\" aria-describedby=\"gallery-1-5797\" srcset=\"http:\/\/www.nuvf.de\/wordpress\/wp-content\/uploads\/2019\/09\/NuVf-A.-Hakala-3-300x200.jpg 300w, http:\/\/www.nuvf.de\/wordpress\/wp-content\/uploads\/2019\/09\/NuVf-A.-Hakala-3-768x513.jpg 768w, http:\/\/www.nuvf.de\/wordpress\/wp-content\/uploads\/2019\/09\/NuVf-A.-Hakala-3-1024x684.jpg 1024w, http:\/\/www.nuvf.de\/wordpress\/wp-content\/uploads\/2019\/09\/NuVf-A.-Hakala-3.jpg 1800w\" sizes=\"auto, (max-width: 300px) 100vw, 300px\" \/><\/a>\n\t\t\t<\/div>\n\t\t\t\t<figcaption class='wp-caption-text gallery-caption' id='gallery-1-5797'>\n\t\t\t\tSteinkauz-Nistkasten\n\t\t\t\t<\/figcaption><\/figure>\n\t\t<\/div>\n","protected":false},"excerpt":{"rendered":"<p>Views: 516 Die Wiederansiedlung des Steinkauzes ist seit etwa 2 &#8211; 3 Jahren ein Schwerpunkt unseres Programms. Wir haben an verschiedenen Orten auf der Gemarkung Efringen-Kirchen insgesamt 8 Steinkauzk\u00e4sten aufgeh\u00e4ngt. Bisher wurde keiner der K\u00e4sten angenommen, dies zeigt eindringlich, wie schwer eine Wiederansiedlung von verschwundenen Arten ist. Trotz aller R\u00fcckschl\u00e4ge werden wir weiter hoffen.<\/p>\n","protected":false},"author":4,"featured_media":0,"parent":51,"menu_order":160,"comment_status":"closed","ping_status":"closed","template":"","meta":{"footnotes":""},"class_list":["post-2175","page","type-page","status-publish","hentry"],"_links":{"self":[{"href":"http:\/\/www.nuvf.de\/wordpress\/index.php?rest_route=\/wp\/v2\/pages\/2175","targetHints":{"allow":["GET"]}}],"collection":[{"href":"http:\/\/www.nuvf.de\/wordpress\/index.php?rest_route=\/wp\/v2\/pages"}],"about":[{"href":"http:\/\/www.nuvf.de\/wordpress\/index.php?rest_route=\/wp\/v2\/types\/page"}],"author":[{"embeddable":true,"href":"http:\/\/www.nuvf.de\/wordpress\/index.php?rest_route=\/wp\/v2\/users\/4"}],"replies":[{"embeddable":true,"href":"http:\/\/www.nuvf.de\/wordpress\/index.php?rest_route=%2Fwp%2Fv2%2Fcomments&post=2175"}],"version-history":[{"count":11,"href":"http:\/\/www.nuvf.de\/wordpress\/index.php?rest_route=\/wp\/v2\/pages\/2175\/revisions"}],"predecessor-version":[{"id":7616,"href":"http:\/\/www.nuvf.de\/wordpress\/index.php?rest_route=\/wp\/v2\/pages\/2175\/revisions\/7616"}],"up":[{"embeddable":true,"href":"http:\/\/www.nuvf.de\/wordpress\/index.php?rest_route=\/wp\/v2\/pages\/51"}],"wp:attachment":[{"href":"http:\/\/www.nuvf.de\/wordpress\/index.php?rest_route=%2Fwp%2Fv2%2Fmedia&parent=2175"}],"curies":[{"name":"wp","href":"https:\/\/api.w.org\/{rel}","templated":true}]}}