{"id":27,"date":"2009-03-13T18:53:06","date_gmt":"2009-03-13T16:53:06","guid":{"rendered":"http:\/\/www.nuvf.de\/wordpress\/?page_id=27"},"modified":"2025-05-09T06:56:51","modified_gmt":"2025-05-09T04:56:51","slug":"6-impressum","status":"publish","type":"page","link":"http:\/\/www.nuvf.de\/wordpress\/?page_id=27","title":{"rendered":"Impressum"},"content":{"rendered":"<p>Views: 1085<\/p><p>Angaben gem\u00e4\u00df \u00a7 5 TMG<\/p>\n<p>Natur- und Vogelfreunde Efringen-Kirchen e.V.<br \/>\nH\u00f6lzeleweg 6<br \/>\n79588 Efringen-Kirchen<\/p>\n<h5>Vertreten durch<\/h5>\n<p>1. Vorstand: Christian Vollmert<br \/>\n2. Vorstand: Simon Hesse<br \/>\nSchriftf\u00fchrer: Daniel Gebhard<br \/>\nRechnerin: Aino Hakala<\/p>\n<p>Jeweils zwei vertreten gemeinsam.<\/p>\n<h5>Kontakt<\/h5>\n<p>Telefon: 07628 800 7388<br \/>\nE-Mail: info@nuvf.de<br \/>\nInternetadresse: www.nuvf.de<\/p>\n<h5>Bankverbindung<\/h5>\n<p>Natur- und Vogelfreunde Efringen-Kirchen e.V.<\/p>\n<p>Sparkasse Markgr\u00e4flerland<br \/>\nIBAN: DE40 6835 1865 0007 3535 27<br \/>\nBIC: SOLADES1MGL<\/p>\n<p>Volksbank Dreil\u00e4ndereck<br \/>\nIBAN: DE04 6839 0000 0001 5299 00<br \/>\nBIC: VOLODE66<\/p>\n<h5>Registereintrag<\/h5>\n<p>Eintragung im Vereinsregister<br \/>\nRegisternummer: 410775<br \/>\nRegistergericht: Amtsgericht Freiburg im Breisgau<\/p>\n<h5>Verantwortlich f\u00fcr den Inhalt nach \u00a7 55 Abs. 2 RStV<\/h5>\n<p>Aino Hakala, H\u00f6lzeleweg 6, 79588 Efringen-Kirchen<\/p>\n<h5>Haftungsausschluss<\/h5>\n<p>Haftung f\u00fcr Inhalte<br \/>\nDie Inhalte unserer Seiten wurden mit gr\u00f6\u00dfter Sorgfalt erstellt. F\u00fcr die Richtigkeit, Vollst\u00e4ndigkeit und Aktualit\u00e4t der Inhalte k\u00f6nnen wir jedoch keine Gew\u00e4hr \u00fcbernehmen. Als Diensteanbieter sind wir gem\u00e4\u00df \u00a7 7 Abs.1 TMG f\u00fcr eigene Inhalte auf diesen Seiten nach den allgemeinen Gesetzen verantwortlich. Nach \u00a7\u00a7 8 bis 10 TMG sind wir als Diensteanbieter jedoch nicht verpflichtet, \u00fcbermittelte oder gespeicherte fremde Informationen zu \u00fcberwachen oder nach Umst\u00e4nden zu forschen, die auf eine rechtswidrige T\u00e4tigkeit hinweisen. Verpflichtungen zur Entfernung oder Sperrung der Nutzung von Informationen nach den allgemeinen Gesetzen bleiben hiervon unber\u00fchrt. Eine diesbez\u00fcgliche Haftung ist jedoch erst ab dem Zeitpunkt der Kenntnis einer konkreten Rechtsverletzung m\u00f6glich. Bei Bekanntwerden von entsprechenden Rechtsverletzungen werden wir diese Inhalte umgehend entfernen.<\/p>\n<p>Haftung f\u00fcr Links<br \/>\nUnser Angebot enth\u00e4lt Links zu externen Webseiten Dritter, auf deren Inhalte wir keinen Einfluss haben. Deshalb k\u00f6nnen wir f\u00fcr diese fremden Inhalte auch keine Gew\u00e4hr \u00fcbernehmen. F\u00fcr die Inhalte der verlinkten Seiten ist stets der jeweilige Anbieter oder Betreiber der Seiten verantwortlich. Die verlinkten Seiten wurden zum Zeitpunkt der Verlinkung auf m\u00f6gliche Rechtsverst\u00f6\u00dfe \u00fcberpr\u00fcft. Rechtswidrige Inhalte waren zum Zeitpunkt der Verlinkung nicht erkennbar. Eine permanente inhaltliche Kontrolle der verlinkten Seiten ist jedoch ohne konkrete Anhaltspunkte einer Rechtsverletzung nicht zumutbar. Bei Bekanntwerden von Rechtsverletzungen werden wir derartige Links umgehend entfernen.<\/p>\n<p>Urheberrecht<br \/>\nDie durch die Seitenbetreiber erstellten bzw. verwendeten Inhalte und Werke auf diesen Seiten unterliegen dem deutschen Urheberrecht. Die Vervielf\u00e4ltigung, Bearbeitung, Verbreitung und jede Art der Verwertung au\u00dferhalb der Grenzen des Urheberrechtes bed\u00fcrfen der Zustimmung des jeweiligen Autors bzw. Erstellers. Downloads und Kopien dieser Seite sind nur f\u00fcr den privaten, nicht kommerziellen Gebrauch gestattet. Soweit die Inhalte auf dieser Seite nicht vom Betreiber erstellt wurden, werden die Urheberrechte Dritter beachtet. Insbesondere werden Inhalte Dritter als solche gekennzeichnet. Sollten Sie trotzdem auf eine Urheberrechtsverletzung aufmerksam werden, bitten wir um einen entsprechenden Hinweis. Bei Bekanntwerden von Rechtsverletzungen werden wir derartige Inhalte umgehend entfernen.<\/p>\n<p><i>Quelle &#8211; Mit Hilfe von: <cite class=\"iUh30\">www.muster-vorlagen.net<\/cite><\/i><\/p>\n<div dir=\"ltr\"><\/div>\n","protected":false},"excerpt":{"rendered":"<p>Views: 1085Angaben gem\u00e4\u00df \u00a7 5 TMG Natur- und Vogelfreunde Efringen-Kirchen e.V. H\u00f6lzeleweg 6 79588 Efringen-Kirchen Vertreten durch 1. Vorstand: Christian Vollmert 2. Vorstand: Simon Hesse Schriftf\u00fchrer: Daniel Gebhard Rechnerin: Aino Hakala Jeweils zwei vertreten gemeinsam. Kontakt Telefon: 07628 800 7388 E-Mail: info@nuvf.de Internetadresse: www.nuvf.de Bankverbindung Natur- und Vogelfreunde Efringen-Kirchen e.V. Sparkasse Markgr\u00e4flerland IBAN: DE40 6835 &hellip; <a href=\"http:\/\/www.nuvf.de\/wordpress\/?page_id=27\" class=\"more-link\"><span class=\"screen-reader-text\">Impressum<\/span> weiterlesen <span class=\"meta-nav\">&rarr;<\/span><\/a><\/p>\n","protected":false},"author":1,"featured_media":0,"parent":0,"menu_order":560,"comment_status":"closed","ping_status":"closed","template":"","meta":{"footnotes":""},"class_list":["post-27","page","type-page","status-publish","hentry"],"_links":{"self":[{"href":"http:\/\/www.nuvf.de\/wordpress\/index.php?rest_route=\/wp\/v2\/pages\/27","targetHints":{"allow":["GET"]}}],"collection":[{"href":"http:\/\/www.nuvf.de\/wordpress\/index.php?rest_route=\/wp\/v2\/pages"}],"about":[{"href":"http:\/\/www.nuvf.de\/wordpress\/index.php?rest_route=\/wp\/v2\/types\/page"}],"author":[{"embeddable":true,"href":"http:\/\/www.nuvf.de\/wordpress\/index.php?rest_route=\/wp\/v2\/users\/1"}],"replies":[{"embeddable":true,"href":"http:\/\/www.nuvf.de\/wordpress\/index.php?rest_route=%2Fwp%2Fv2%2Fcomments&post=27"}],"version-history":[{"count":15,"href":"http:\/\/www.nuvf.de\/wordpress\/index.php?rest_route=\/wp\/v2\/pages\/27\/revisions"}],"predecessor-version":[{"id":8763,"href":"http:\/\/www.nuvf.de\/wordpress\/index.php?rest_route=\/wp\/v2\/pages\/27\/revisions\/8763"}],"wp:attachment":[{"href":"http:\/\/www.nuvf.de\/wordpress\/index.php?rest_route=%2Fwp%2Fv2%2Fmedia&parent=27"}],"curies":[{"name":"wp","href":"https:\/\/api.w.org\/{rel}","templated":true}]}}