{"id":2750,"date":"2016-12-10T20:51:16","date_gmt":"2016-12-10T18:51:16","guid":{"rendered":"http:\/\/www.nuvf.de\/wordpress\/?page_id=2750"},"modified":"2021-07-02T10:06:44","modified_gmt":"2021-07-02T08:06:44","slug":"bachpflege-dez-2016","status":"publish","type":"page","link":"http:\/\/www.nuvf.de\/wordpress\/?page_id=2750","title":{"rendered":"Ein Tag bei der Bachpflege"},"content":{"rendered":"<p>Views: 597<\/p>\n<p><strong>09 Uhr<\/strong> &#8211; Wir treffen uns am Materiallager.<\/p>\n\n\n\n<figure class=\"wp-block-image size-large\"><a href=\"http:\/\/www.nuvf.de\/wordpress\/wp-content\/uploads\/2020\/07\/IMG_20200729_174509.jpg\"><img loading=\"lazy\" decoding=\"async\" width=\"1024\" height=\"768\" src=\"http:\/\/www.nuvf.de\/wordpress\/wp-content\/uploads\/2020\/07\/IMG_20200729_174509-1024x768.jpg\" alt=\"\" class=\"wp-image-6396\" srcset=\"http:\/\/www.nuvf.de\/wordpress\/wp-content\/uploads\/2020\/07\/IMG_20200729_174509-1024x768.jpg 1024w, http:\/\/www.nuvf.de\/wordpress\/wp-content\/uploads\/2020\/07\/IMG_20200729_174509-300x225.jpg 300w, http:\/\/www.nuvf.de\/wordpress\/wp-content\/uploads\/2020\/07\/IMG_20200729_174509-768x576.jpg 768w, http:\/\/www.nuvf.de\/wordpress\/wp-content\/uploads\/2020\/07\/IMG_20200729_174509-1536x1152.jpg 1536w, http:\/\/www.nuvf.de\/wordpress\/wp-content\/uploads\/2020\/07\/IMG_20200729_174509.jpg 2016w\" sizes=\"auto, (max-width: 1024px) 100vw, 1024px\" \/><\/a><\/figure>\n\n\n\n<p>Zuerst werden die Kopfweiden zur\u00fcckgeschnitten. In zunehmendem Ma\u00dfe brechen Weiden jeden Alters bei Sturm und Winddruck auseinander. Wenn die Weiden nicht turnusm\u00e4\u00dfig in mehrj\u00e4hrigem Abstand gek\u00f6pft werden, werden die \u00c4ste zu schwer f\u00fcr den oft ausgeh\u00f6hlten Stamm.<\/p>\n\n\n\n<figure class=\"wp-block-image\"><img loading=\"lazy\" decoding=\"async\" width=\"968\" height=\"648\" src=\"http:\/\/www.nuvf.de\/wordpress\/wp-content\/uploads\/2016\/12\/Bachpflege-2016-Dez-10-06-klein.jpg\" alt=\"\" class=\"wp-image-2757\" srcset=\"http:\/\/www.nuvf.de\/wordpress\/wp-content\/uploads\/2016\/12\/Bachpflege-2016-Dez-10-06-klein.jpg 968w, http:\/\/www.nuvf.de\/wordpress\/wp-content\/uploads\/2016\/12\/Bachpflege-2016-Dez-10-06-klein-300x201.jpg 300w, http:\/\/www.nuvf.de\/wordpress\/wp-content\/uploads\/2016\/12\/Bachpflege-2016-Dez-10-06-klein-768x514.jpg 768w\" sizes=\"auto, (max-width: 968px) 100vw, 968px\" \/><\/figure>\n\n\n\n<p>W\u00e4hrend die Silberweide ein Alter von 80 &#8211; 100 Jahren erreichen kann, erlangen die gleichen Arten im Zustand der Kulturform \u2013 der Kopfweide \u2013 bei regelm\u00e4\u00dfigem Schnitt ein mehrfaches Alter. Weiden und Pappeln sind Geh\u00f6lze, die in unserer besiedelten Landschaft zur\u00fcckgeschnitten werden.<\/p>\n\n\n\n<figure class=\"wp-block-image\"><img loading=\"lazy\" decoding=\"async\" width=\"968\" height=\"648\" src=\"http:\/\/www.nuvf.de\/wordpress\/wp-content\/uploads\/2016\/07\/Bachpflege-2016-Jan-01.jpg\" alt=\"Bachpflege\" class=\"wp-image-2205\" srcset=\"http:\/\/www.nuvf.de\/wordpress\/wp-content\/uploads\/2016\/07\/Bachpflege-2016-Jan-01.jpg 968w, http:\/\/www.nuvf.de\/wordpress\/wp-content\/uploads\/2016\/07\/Bachpflege-2016-Jan-01-300x201.jpg 300w, http:\/\/www.nuvf.de\/wordpress\/wp-content\/uploads\/2016\/07\/Bachpflege-2016-Jan-01-768x514.jpg 768w\" sizes=\"auto, (max-width: 968px) 100vw, 968px\" \/><\/figure>\n\n\n\n<p><strong>10.00 Uhr<\/strong> &#8211; Teepause<\/p>\n\n\n\n<figure class=\"wp-block-image\"><img loading=\"lazy\" decoding=\"async\" width=\"775\" height=\"519\" src=\"http:\/\/www.nuvf.de\/wordpress\/wp-content\/uploads\/2015\/12\/Bachpflege-2015-Dez-13.jpg\" alt=\"Bachpflege\" class=\"wp-image-806\" srcset=\"http:\/\/www.nuvf.de\/wordpress\/wp-content\/uploads\/2015\/12\/Bachpflege-2015-Dez-13.jpg 775w, http:\/\/www.nuvf.de\/wordpress\/wp-content\/uploads\/2015\/12\/Bachpflege-2015-Dez-13-300x201.jpg 300w\" sizes=\"auto, (max-width: 775px) 100vw, 775px\" \/><\/figure>\n\n\n\n<p><strong>10:15<\/strong> &#8211; es geht weiter. Neubepflanzung eines baumlosen Uferbereiches.<\/p>\n\n\n\n<figure class=\"wp-block-image\"><img loading=\"lazy\" decoding=\"async\" width=\"968\" height=\"648\" src=\"http:\/\/www.nuvf.de\/wordpress\/wp-content\/uploads\/2016\/12\/Bachpflege-2016-Dez-10-03-klein.jpg\" alt=\"\" class=\"wp-image-2754\" srcset=\"http:\/\/www.nuvf.de\/wordpress\/wp-content\/uploads\/2016\/12\/Bachpflege-2016-Dez-10-03-klein.jpg 968w, http:\/\/www.nuvf.de\/wordpress\/wp-content\/uploads\/2016\/12\/Bachpflege-2016-Dez-10-03-klein-300x201.jpg 300w, http:\/\/www.nuvf.de\/wordpress\/wp-content\/uploads\/2016\/12\/Bachpflege-2016-Dez-10-03-klein-768x514.jpg 768w\" sizes=\"auto, (max-width: 968px) 100vw, 968px\" \/><\/figure>\n\n\n\n<p><strong>12.00 Uhr<\/strong> &#8211; Fertig. &#8222;Der Chef&#8220; begutachtet unserer Arbeit am Feuerbach. Zum Schluss gemeinsames Mittagsessen.<\/p>\n\n\n\n<figure class=\"wp-block-image\"><img loading=\"lazy\" decoding=\"async\" width=\"968\" height=\"648\" src=\"http:\/\/www.nuvf.de\/wordpress\/wp-content\/uploads\/2016\/12\/Bachpflege-2016-Dez-10-04-klein.jpg\" alt=\"\" class=\"wp-image-2755\" srcset=\"http:\/\/www.nuvf.de\/wordpress\/wp-content\/uploads\/2016\/12\/Bachpflege-2016-Dez-10-04-klein.jpg 968w, http:\/\/www.nuvf.de\/wordpress\/wp-content\/uploads\/2016\/12\/Bachpflege-2016-Dez-10-04-klein-300x201.jpg 300w, http:\/\/www.nuvf.de\/wordpress\/wp-content\/uploads\/2016\/12\/Bachpflege-2016-Dez-10-04-klein-768x514.jpg 768w\" sizes=\"auto, (max-width: 968px) 100vw, 968px\" \/><\/figure>\n\n\n\n<p><\/p>\n","protected":false},"excerpt":{"rendered":"<p>Views: 597 09 Uhr &#8211; Wir treffen uns am Materiallager. Zuerst werden die Kopfweiden zur\u00fcckgeschnitten. In zunehmendem Ma\u00dfe brechen Weiden jeden Alters bei Sturm und Winddruck auseinander. Wenn die Weiden nicht turnusm\u00e4\u00dfig in mehrj\u00e4hrigem Abstand gek\u00f6pft werden, werden die \u00c4ste zu schwer f\u00fcr den oft ausgeh\u00f6hlten Stamm. W\u00e4hrend die Silberweide ein Alter von 80 &#8211; &hellip; <a href=\"http:\/\/www.nuvf.de\/wordpress\/?page_id=2750\" class=\"more-link\"><span class=\"screen-reader-text\">Ein Tag bei der Bachpflege<\/span> weiterlesen <span class=\"meta-nav\">&rarr;<\/span><\/a><\/p>\n","protected":false},"author":4,"featured_media":0,"parent":782,"menu_order":125,"comment_status":"closed","ping_status":"closed","template":"","meta":{"footnotes":""},"class_list":["post-2750","page","type-page","status-publish","hentry"],"_links":{"self":[{"href":"http:\/\/www.nuvf.de\/wordpress\/index.php?rest_route=\/wp\/v2\/pages\/2750","targetHints":{"allow":["GET"]}}],"collection":[{"href":"http:\/\/www.nuvf.de\/wordpress\/index.php?rest_route=\/wp\/v2\/pages"}],"about":[{"href":"http:\/\/www.nuvf.de\/wordpress\/index.php?rest_route=\/wp\/v2\/types\/page"}],"author":[{"embeddable":true,"href":"http:\/\/www.nuvf.de\/wordpress\/index.php?rest_route=\/wp\/v2\/users\/4"}],"replies":[{"embeddable":true,"href":"http:\/\/www.nuvf.de\/wordpress\/index.php?rest_route=%2Fwp%2Fv2%2Fcomments&post=2750"}],"version-history":[{"count":26,"href":"http:\/\/www.nuvf.de\/wordpress\/index.php?rest_route=\/wp\/v2\/pages\/2750\/revisions"}],"predecessor-version":[{"id":7136,"href":"http:\/\/www.nuvf.de\/wordpress\/index.php?rest_route=\/wp\/v2\/pages\/2750\/revisions\/7136"}],"up":[{"embeddable":true,"href":"http:\/\/www.nuvf.de\/wordpress\/index.php?rest_route=\/wp\/v2\/pages\/782"}],"wp:attachment":[{"href":"http:\/\/www.nuvf.de\/wordpress\/index.php?rest_route=%2Fwp%2Fv2%2Fmedia&parent=2750"}],"curies":[{"name":"wp","href":"https:\/\/api.w.org\/{rel}","templated":true}]}}