{"id":2903,"date":"2017-01-01T15:04:11","date_gmt":"2017-01-01T13:04:11","guid":{"rendered":"http:\/\/www.nuvf.de\/wordpress\/?page_id=2903"},"modified":"2021-07-02T10:17:14","modified_gmt":"2021-07-02T08:17:14","slug":"nistkastenkontrolle-01-jan-2017","status":"publish","type":"page","link":"http:\/\/www.nuvf.de\/wordpress\/?page_id=2903","title":{"rendered":"Nistkastenkontrolle"},"content":{"rendered":"<p>Views: 673<\/p>\n<figure class=\"wp-block-image\"><img decoding=\"async\" src=\"http:\/\/www.nuvf.de\/wordpress\/wp-content\/uploads\/2017\/01\/Nest.jpg\" alt=\"\"\/><figcaption> <\/figcaption><\/figure>\n\n\n\n<p>Einmal im Jahr m\u00fcssen die Nistk\u00e4sten ges\u00e4ubert werden. Die verschiedene Parasiten (Vogelfl\u00f6he, Milben und Zecken) werden sonst bei der n\u00e4chsten Brut die Jungv\u00f6gel anfallen.<\/p>\n\n\n\n<figure class=\"wp-block-image\"><img decoding=\"async\" src=\"http:\/\/www.nuvf.de\/wordpress\/wp-content\/uploads\/2017\/01\/Nisthilfen-08.jpg\" alt=\"\"\/><figcaption> <\/figcaption><\/figure>\n\n\n\n<p>Zudem k\u00f6nnen die Meisen in g\u00fcnstigen Bedingungen sogar dreimal im Jahr br\u00fcten. Eventuell kann es im Nistkasten schon ein bisschen eng werden\u2026<\/p>\n\n\n\n<figure class=\"wp-block-image\"><img decoding=\"async\" src=\"http:\/\/www.nuvf.de\/wordpress\/wp-content\/uploads\/2017\/01\/Nisthilfen-09.jpg\" alt=\"\"\/><\/figure>\n\n\n\n<p>Auch andere Lebewesen, wie z.B. Wespen (wie hier) und Ameisen, benutzen gerne Nistkasten.<\/p>\n\n\n\n<figure class=\"wp-block-image\"><img decoding=\"async\" src=\"http:\/\/www.nuvf.de\/wordpress\/wp-content\/uploads\/2017\/01\/Blaumeiseneier.jpg\" alt=\"\"\/><\/figure>\n\n\n\n<p>Leider klappt das Br\u00fcten nicht immer. Im gleichen Nistkasten waren schon junge Blaumeisen drin. Das Ei muss daher aus der zweiten Brut stammen.<\/p>\n\n\n\n<figure class=\"wp-block-image\"><img decoding=\"async\" src=\"http:\/\/www.nuvf.de\/wordpress\/wp-content\/uploads\/2017\/01\/Nisthilfen-10.jpg\" alt=\"\"\/><\/figure>\n\n\n\n<p>Bei manchen Nistk\u00e4sten war das Nest angefangen, aber nicht bis zu Ende gebracht. In diesem Fall ist die Blaumeise wahrscheinlich dem Marder zum Opfer gefallen, trotz der Marderschutzgitter, welche wir an einigen Nistkasten angebracht haben.<\/p>\n\n\n\n<figure class=\"wp-block-image\"><img decoding=\"async\" src=\"http:\/\/www.nuvf.de\/wordpress\/wp-content\/uploads\/2017\/01\/Eins\u00e4tze.jpg\" alt=\"\"\/><\/figure>\n\n\n\n<p>Zwei Nistk\u00e4sten haben wir letztes Jahr im Sturm verloren. Diese m\u00fcssen noch vor Brutbeginn im April ersetzt werden.<\/p>\n","protected":false},"excerpt":{"rendered":"<p>Views: 673 Einmal im Jahr m\u00fcssen die Nistk\u00e4sten ges\u00e4ubert werden. Die verschiedene Parasiten (Vogelfl\u00f6he, Milben und Zecken) werden sonst bei der n\u00e4chsten Brut die Jungv\u00f6gel anfallen. Zudem k\u00f6nnen die Meisen in g\u00fcnstigen Bedingungen sogar dreimal im Jahr br\u00fcten. Eventuell kann es im Nistkasten schon ein bisschen eng werden\u2026 Auch andere Lebewesen, wie z.B. Wespen (wie &hellip; <a href=\"http:\/\/www.nuvf.de\/wordpress\/?page_id=2903\" class=\"more-link\"><span class=\"screen-reader-text\">Nistkastenkontrolle<\/span> weiterlesen <span class=\"meta-nav\">&rarr;<\/span><\/a><\/p>\n","protected":false},"author":4,"featured_media":0,"parent":1168,"menu_order":140,"comment_status":"closed","ping_status":"closed","template":"","meta":{"footnotes":""},"class_list":["post-2903","page","type-page","status-publish","hentry"],"_links":{"self":[{"href":"http:\/\/www.nuvf.de\/wordpress\/index.php?rest_route=\/wp\/v2\/pages\/2903","targetHints":{"allow":["GET"]}}],"collection":[{"href":"http:\/\/www.nuvf.de\/wordpress\/index.php?rest_route=\/wp\/v2\/pages"}],"about":[{"href":"http:\/\/www.nuvf.de\/wordpress\/index.php?rest_route=\/wp\/v2\/types\/page"}],"author":[{"embeddable":true,"href":"http:\/\/www.nuvf.de\/wordpress\/index.php?rest_route=\/wp\/v2\/users\/4"}],"replies":[{"embeddable":true,"href":"http:\/\/www.nuvf.de\/wordpress\/index.php?rest_route=%2Fwp%2Fv2%2Fcomments&post=2903"}],"version-history":[{"count":16,"href":"http:\/\/www.nuvf.de\/wordpress\/index.php?rest_route=\/wp\/v2\/pages\/2903\/revisions"}],"predecessor-version":[{"id":7140,"href":"http:\/\/www.nuvf.de\/wordpress\/index.php?rest_route=\/wp\/v2\/pages\/2903\/revisions\/7140"}],"up":[{"embeddable":true,"href":"http:\/\/www.nuvf.de\/wordpress\/index.php?rest_route=\/wp\/v2\/pages\/1168"}],"wp:attachment":[{"href":"http:\/\/www.nuvf.de\/wordpress\/index.php?rest_route=%2Fwp%2Fv2%2Fmedia&parent=2903"}],"curies":[{"name":"wp","href":"https:\/\/api.w.org\/{rel}","templated":true}]}}