{"id":3367,"date":"2017-05-03T17:55:33","date_gmt":"2017-05-03T15:55:33","guid":{"rendered":"http:\/\/www.nuvf.de\/wordpress\/?page_id=3367"},"modified":"2025-01-12T15:16:49","modified_gmt":"2025-01-12T13:16:49","slug":"mitglied-werden","status":"publish","type":"page","link":"http:\/\/www.nuvf.de\/wordpress\/?page_id=3367","title":{"rendered":"Mitglied werden!"},"content":{"rendered":"<p>Views: 932<\/p>\n<figure class=\"wp-block-image size-large\"><a href=\"http:\/\/www.nuvf.de\/wordpress\/wp-content\/uploads\/2023\/05\/Flyer-2023-05-27.jpg\"><img loading=\"lazy\" decoding=\"async\" width=\"1024\" height=\"724\" src=\"http:\/\/www.nuvf.de\/wordpress\/wp-content\/uploads\/2023\/05\/Flyer-2023-05-27-1024x724.jpg\" alt=\"\" class=\"wp-image-8120\" srcset=\"http:\/\/www.nuvf.de\/wordpress\/wp-content\/uploads\/2023\/05\/Flyer-2023-05-27-1024x724.jpg 1024w, http:\/\/www.nuvf.de\/wordpress\/wp-content\/uploads\/2023\/05\/Flyer-2023-05-27-300x212.jpg 300w, http:\/\/www.nuvf.de\/wordpress\/wp-content\/uploads\/2023\/05\/Flyer-2023-05-27-768x543.jpg 768w, http:\/\/www.nuvf.de\/wordpress\/wp-content\/uploads\/2023\/05\/Flyer-2023-05-27-1536x1086.jpg 1536w, http:\/\/www.nuvf.de\/wordpress\/wp-content\/uploads\/2023\/05\/Flyer-2023-05-27.jpg 1754w\" sizes=\"auto, (max-width: 1024px) 100vw, 1024px\" \/><\/a><\/figure>\n\n\n\n<p>Eine Mitgliedschaft bei uns ist v\u00f6llig unverbindlich. Du kannst dich entweder aktiv engagieren oder als F\u00f6rdermitglied unterst\u00fctzen. Vorkenntnisse sind nicht n\u00f6tig &#8211; die Liebe zur Natur gen\u00fcgt. Wir freuen uns auch dich!<\/p>\n\n\n\n<p><strong>Direkt online beitreten &#8230;<\/strong><\/p>\n\n\n\n<div class=\"wpcf7 no-js\" id=\"wpcf7-f8309-o1\" lang=\"de-DE\" dir=\"ltr\" data-wpcf7-id=\"8309\">\n<div class=\"screen-reader-response\"><p role=\"status\" aria-live=\"polite\" aria-atomic=\"true\"><\/p> <ul><\/ul><\/div>\n<form action=\"\/wordpress\/index.php?rest_route=%2Fwp%2Fv2%2Fpages%2F3367#wpcf7-f8309-o1\" method=\"post\" class=\"wpcf7-form init wpcf7-acceptance-as-validation\" aria-label=\"Kontaktformular\" novalidate=\"novalidate\" data-status=\"init\">\n<fieldset class=\"hidden-fields-container\"><input type=\"hidden\" name=\"_wpcf7\" value=\"8309\" \/><input type=\"hidden\" name=\"_wpcf7_version\" value=\"6.1.5\" \/><input type=\"hidden\" name=\"_wpcf7_locale\" value=\"de_DE\" \/><input type=\"hidden\" name=\"_wpcf7_unit_tag\" value=\"wpcf7-f8309-o1\" \/><input type=\"hidden\" name=\"_wpcf7_container_post\" value=\"0\" \/><input type=\"hidden\" name=\"_wpcf7_posted_data_hash\" value=\"\" \/>\n<\/fieldset>\n<p><label> Vorname: (Pflichtfeld)<br \/>\n<span class=\"wpcf7-form-control-wrap\" data-name=\"Vorname\"><input size=\"40\" maxlength=\"400\" class=\"wpcf7-form-control wpcf7-text wpcf7-validates-as-required\" aria-required=\"true\" aria-invalid=\"false\" value=\"\" type=\"text\" name=\"Vorname\" \/><\/span> <\/label>\n<\/p>\n<p><label> Nachname: (Pflichtfeld)<br \/>\n<span class=\"wpcf7-form-control-wrap\" data-name=\"Nachname\"><input size=\"40\" maxlength=\"400\" class=\"wpcf7-form-control wpcf7-text wpcf7-validates-as-required\" aria-required=\"true\" aria-invalid=\"false\" value=\"\" type=\"text\" name=\"Nachname\" \/><\/span> <\/label>\n<\/p>\n<p><label> Geburtsdatum: (Pflichtfeld)<br \/>\n<span class=\"wpcf7-form-control-wrap\" data-name=\"Geburtsdatum\"><input class=\"wpcf7-form-control wpcf7-date wpcf7-validates-as-required wpcf7-validates-as-date\" aria-required=\"true\" aria-invalid=\"false\" value=\"\" type=\"date\" name=\"Geburtsdatum\" \/><\/span> <\/label>\n<\/p>\n<p><label> Stra\u00dfe: (Pflichtfeld)<br \/>\n<span class=\"wpcf7-form-control-wrap\" data-name=\"Strasse\"><input size=\"40\" maxlength=\"400\" class=\"wpcf7-form-control wpcf7-text wpcf7-validates-as-required\" aria-required=\"true\" aria-invalid=\"false\" value=\"\" type=\"text\" name=\"Strasse\" \/><\/span> <\/label>\n<\/p>\n<p><label> PLZ: (Pflichtfeld)<br \/>\n<span class=\"wpcf7-form-control-wrap\" data-name=\"PLZ\"><input class=\"wpcf7-form-control wpcf7-number wpcf7-validates-as-required wpcf7-validates-as-number\" aria-required=\"true\" aria-invalid=\"false\" value=\"\" type=\"number\" name=\"PLZ\" \/><\/span> <\/label>\n<\/p>\n<p><label> Ort: (Pflichtfeld)<br \/>\n<span class=\"wpcf7-form-control-wrap\" data-name=\"Ort\"><input size=\"40\" maxlength=\"400\" class=\"wpcf7-form-control wpcf7-text wpcf7-validates-as-required\" aria-required=\"true\" aria-invalid=\"false\" value=\"\" type=\"text\" name=\"Ort\" \/><\/span> <\/label>\n<\/p>\n<p><label> Telefon:<br \/>\n<span class=\"wpcf7-form-control-wrap\" data-name=\"Telefon\"><input size=\"40\" maxlength=\"400\" class=\"wpcf7-form-control wpcf7-tel wpcf7-text wpcf7-validates-as-tel\" aria-invalid=\"false\" value=\"\" type=\"tel\" name=\"Telefon\" \/><\/span> <\/label>\n<\/p>\n<p><label> E-Mail-Adresse: (Pflichtfeld)<br \/>\n<span class=\"wpcf7-form-control-wrap\" data-name=\"email\"><input size=\"40\" maxlength=\"400\" class=\"wpcf7-form-control wpcf7-email wpcf7-validates-as-required wpcf7-text wpcf7-validates-as-email\" aria-required=\"true\" aria-invalid=\"false\" value=\"\" type=\"email\" name=\"email\" \/><\/span> <\/label>\n<\/p>\n<p><label> Mitgliedsbeitrag: <\/label>\n<\/p>\n<p><label> H\u00f6he Jahresbeitrag: (Pflichtfeld) <\/label><br \/>\n<span class=\"wpcf7-form-control-wrap\" data-name=\"Beitrag\"><span class=\"wpcf7-form-control wpcf7-radio\"><span class=\"wpcf7-list-item first\"><label><input type=\"radio\" name=\"Beitrag\" value=\"10, - \u20ac (min Jahresbeitrag)\" checked=\"checked\" \/><span class=\"wpcf7-list-item-label\">10, - \u20ac (min Jahresbeitrag)<\/span><\/label><\/span><span class=\"wpcf7-list-item\"><label><input type=\"radio\" name=\"Beitrag\" value=\"15, - \u20ac\" \/><span class=\"wpcf7-list-item-label\">15, - \u20ac<\/span><\/label><\/span><span class=\"wpcf7-list-item last\"><label><input type=\"radio\" name=\"Beitrag\" value=\"Ich m\u00f6chte den Verein mit einem anderen Betrag unterst\u00fctzen:\" \/><span class=\"wpcf7-list-item-label\">Ich m\u00f6chte den Verein mit einem anderen Betrag unterst\u00fctzen:<\/span><\/label><\/span><\/span><\/span>\n<\/p>\n<p><label> Anderer Betrag:<br \/>\n<span class=\"wpcf7-form-control-wrap\" data-name=\"Betrag\"><input class=\"wpcf7-form-control wpcf7-number wpcf7-validates-as-number\" min=\"10\" aria-invalid=\"false\" value=\"\" type=\"number\" name=\"Betrag\" \/><\/span> \u20ac<br \/>\n(ab 50,- \u20ac k\u00f6nnen wir gerne eine Spendenbescheinigung erstellen) <\/label>\n<\/p>\n<p><span class=\"wpcf7-form-control-wrap\" data-name=\"SEPA\"><span class=\"wpcf7-form-control wpcf7-acceptance\"><span class=\"wpcf7-list-item\"><label><input type=\"checkbox\" name=\"SEPA\" value=\"1\" aria-invalid=\"false\" \/><span class=\"wpcf7-list-item-label\">Ich erm\u00e4chtige jederzeit widerruflich den Verein Natur- und Vogelfreunde Efringen-Kirchen e.V., den Mitgliedsbeitrag von nachfolgendem Konto abzubuchen.<\/span><\/label><\/span><\/span><\/span>\n<\/p>\n<p><label>Kontoinhaber (sofern vom Mitglied abweichend):<\/label>\n<\/p>\n<p><label> Vorname:<br \/>\n<span class=\"wpcf7-form-control-wrap\" data-name=\"VornameBank\"><input size=\"40\" maxlength=\"400\" class=\"wpcf7-form-control wpcf7-text\" aria-invalid=\"false\" value=\"\" type=\"text\" name=\"VornameBank\" \/><\/span> <\/label>\n<\/p>\n<p><label> Nachname:<br \/>\n<span class=\"wpcf7-form-control-wrap\" data-name=\"NachnameBank\"><input size=\"40\" maxlength=\"400\" class=\"wpcf7-form-control wpcf7-text\" aria-invalid=\"false\" value=\"\" type=\"text\" name=\"NachnameBank\" \/><\/span> <\/label>\n<\/p>\n<p><label> Kreditinstitut: (Pflichtfeld)<br \/>\n<span class=\"wpcf7-form-control-wrap\" data-name=\"Kreditinstitut\"><input size=\"40\" maxlength=\"400\" class=\"wpcf7-form-control wpcf7-text wpcf7-validates-as-required\" aria-required=\"true\" aria-invalid=\"false\" value=\"\" type=\"text\" name=\"Kreditinstitut\" \/><\/span> <\/label>\n<\/p>\n<p><label> IBAN (22-stellig): (Pflichtfeld)<br \/>\n<span class=\"wpcf7-form-control-wrap\" data-name=\"IBAN\"><input size=\"40\" maxlength=\"22\" minlength=\"22\" class=\"wpcf7-form-control wpcf7-text wpcf7-validates-as-required\" aria-required=\"true\" aria-invalid=\"false\" value=\"\" type=\"text\" name=\"IBAN\" \/><\/span> <\/label>\n<\/p>\n<p><label> BIC: (Pflichtfeld)<br \/>\n<span class=\"wpcf7-form-control-wrap\" data-name=\"BIC\"><input size=\"40\" maxlength=\"400\" class=\"wpcf7-form-control wpcf7-text wpcf7-validates-as-required\" aria-required=\"true\" aria-invalid=\"false\" value=\"\" type=\"text\" name=\"BIC\" \/><\/span> <\/label>\n<\/p>\n<p><label> Erteilung des Mandats mit Angabe der Mandatsreferenz f\u00fcr das SEPA-Basis- Lastschriftverfahren folgt dieser Erkl\u00e4rung. <\/label>\n<\/p>\n<p><span class=\"wpcf7-form-control-wrap\" data-name=\"DSGVO\"><span class=\"wpcf7-form-control wpcf7-acceptance\"><span class=\"wpcf7-list-item\"><label><input type=\"checkbox\" name=\"DSGVO\" value=\"1\" aria-invalid=\"false\" \/><span class=\"wpcf7-list-item-label\">Ich stimme zu, dass meine Daten durch den Verein Natur- und Vogelfreunde Efringen-Kirchen e.V. verarbeitet werden d\u00fcrfen. Folgende Datenschutzerkl\u00e4rung wurde von mir zu Kenntnisse genommen. <a href=\"http:\/\/www.nuvf.de\/wordpress\/?page_id=4797\" Target=\"_blank\"> Datenschutzerkl\u00e4rung <\/a><\/span><\/label><\/span><\/span><\/span><br \/>\n<span id=\"wpcf7-69fb5ae485bfe-wrapper\" class=\"wpcf7-form-control-wrap website-wrap\" style=\"display:none !important; visibility:hidden !important;\"><input type=\"hidden\" name=\"website-time-start\" value=\"1778080484\"><input type=\"hidden\" name=\"website-time-check\" value=\"4\"><label for=\"wpcf7-69fb5ae485bfe-field\" class=\"hp-message\">Bitte lasse dieses Feld leer.<\/label><input id=\"wpcf7-69fb5ae485bfe-field\"  placeholder=\"howebsite\"  class=\"wpcf7-form-control wpcf7-text\" type=\"text\" name=\"website\" value=\"\" size=\"40\" tabindex=\"-1\" autocomplete=\"new-password\" \/><\/span><br \/>\n<span id=\"wpcf7-69fb5ae485c8f-wrapper\" class=\"wpcf7-form-control-wrap Name-wrap\" style=\"display:none !important; visibility:hidden !important;\"><input type=\"hidden\" name=\"Name-time-start\" value=\"1778080484\"><input type=\"hidden\" name=\"Name-time-check\" value=\"4\"><label for=\"wpcf7-69fb5ae485c8f-field\" class=\"hp-message\">Bitte lasse dieses Feld leer.<\/label><input id=\"wpcf7-69fb5ae485c8f-field\"  placeholder=\"hoName\"  class=\"wpcf7-form-control wpcf7-text\" type=\"text\" name=\"Name\" value=\"\" size=\"40\" tabindex=\"-1\" autocomplete=\"new-password\" \/><\/span>\n<\/p>\n<p><input class=\"wpcf7-form-control wpcf7-submit has-spinner\" type=\"submit\" value=\"Kostenpflichtig beitreten\" \/>\n<\/p><p style=\"display: none !important;\" class=\"akismet-fields-container\" data-prefix=\"_wpcf7_ak_\"><label>&#916;<textarea name=\"_wpcf7_ak_hp_textarea\" cols=\"45\" rows=\"8\" maxlength=\"100\"><\/textarea><\/label><input type=\"hidden\" id=\"ak_js_1\" name=\"_wpcf7_ak_js\" value=\"160\"\/><script>\ndocument.getElementById( \"ak_js_1\" ).setAttribute( \"value\", ( new Date() ).getTime() );\n<\/script>\n<\/p><div class=\"wpcf7-response-output\" aria-hidden=\"true\"><\/div>\n<\/form>\n<\/div>\n\n","protected":false},"excerpt":{"rendered":"<p>Views: 932 Eine Mitgliedschaft bei uns ist v\u00f6llig unverbindlich. Du kannst dich entweder aktiv engagieren oder als F\u00f6rdermitglied unterst\u00fctzen. Vorkenntnisse sind nicht n\u00f6tig &#8211; die Liebe zur Natur gen\u00fcgt. Wir freuen uns auch dich! Direkt online beitreten &#8230;<\/p>\n","protected":false},"author":4,"featured_media":0,"parent":0,"menu_order":5,"comment_status":"closed","ping_status":"closed","template":"","meta":{"footnotes":""},"class_list":["post-3367","page","type-page","status-publish","hentry"],"_links":{"self":[{"href":"http:\/\/www.nuvf.de\/wordpress\/index.php?rest_route=\/wp\/v2\/pages\/3367","targetHints":{"allow":["GET"]}}],"collection":[{"href":"http:\/\/www.nuvf.de\/wordpress\/index.php?rest_route=\/wp\/v2\/pages"}],"about":[{"href":"http:\/\/www.nuvf.de\/wordpress\/index.php?rest_route=\/wp\/v2\/types\/page"}],"author":[{"embeddable":true,"href":"http:\/\/www.nuvf.de\/wordpress\/index.php?rest_route=\/wp\/v2\/users\/4"}],"replies":[{"embeddable":true,"href":"http:\/\/www.nuvf.de\/wordpress\/index.php?rest_route=%2Fwp%2Fv2%2Fcomments&post=3367"}],"version-history":[{"count":85,"href":"http:\/\/www.nuvf.de\/wordpress\/index.php?rest_route=\/wp\/v2\/pages\/3367\/revisions"}],"predecessor-version":[{"id":8623,"href":"http:\/\/www.nuvf.de\/wordpress\/index.php?rest_route=\/wp\/v2\/pages\/3367\/revisions\/8623"}],"wp:attachment":[{"href":"http:\/\/www.nuvf.de\/wordpress\/index.php?rest_route=%2Fwp%2Fv2%2Fmedia&parent=3367"}],"curies":[{"name":"wp","href":"https:\/\/api.w.org\/{rel}","templated":true}]}}