{"id":344,"date":"2013-12-21T12:11:00","date_gmt":"2013-12-21T10:11:00","guid":{"rendered":"http:\/\/www.nuvf.de\/wordpress\/?page_id=344"},"modified":"2023-03-14T17:43:12","modified_gmt":"2023-03-14T15:43:12","slug":"pflanzaktion-23-marz-2013","status":"publish","type":"page","link":"http:\/\/www.nuvf.de\/wordpress\/?page_id=344","title":{"rendered":"2013 Pflanzaktion"},"content":{"rendered":"<p>Views: 821<\/p>\n<figure class=\"wp-block-image\"><img loading=\"lazy\" decoding=\"async\" width=\"617\" height=\"464\" src=\"http:\/\/www.nuvf.de\/wordpress\/wp-content\/uploads\/2013\/12\/Pflanzaktion1.jpg\" alt=\"\" class=\"wp-image-326\" srcset=\"http:\/\/www.nuvf.de\/wordpress\/wp-content\/uploads\/2013\/12\/Pflanzaktion1.jpg 617w, http:\/\/www.nuvf.de\/wordpress\/wp-content\/uploads\/2013\/12\/Pflanzaktion1-300x225.jpg 300w\" sizes=\"auto, (max-width: 617px) 100vw, 617px\" \/><\/figure>\n\n\n\n<p>Unter dem Biotopevernetzung haben 13 Helfer kr\u00e4ftig zugepackt und rund 500 Str\u00e4ucher, B\u00fcsche und B\u00e4ume auf zwei Grundst\u00fccke des Vereins gepflanzt.<\/p>\n\n\n\n<p>Das vor drei Jahren erworbene, rund 1 ha gro\u00dfe Grundst\u00fcck im Gewann M\u00fchlematten war bisher ausschlie\u00dflich an den Reitstall Hemmer verpachtet, der sich verpflichtet hat, die Wiese zu pflegen. Wegen m\u00f6glicher Bodenbr\u00fcter darf ein Grasschnitt nicht vor dem 1. Juli stattfinden. Danach k\u00f6nnen auch Pferde weiden.<\/p>\n\n\n\n<figure class=\"wp-block-image\"><img loading=\"lazy\" decoding=\"async\" width=\"1024\" height=\"768\" src=\"http:\/\/www.nuvf.de\/wordpress\/wp-content\/uploads\/2013\/12\/Pflanzaktion2-1024x768.jpg\" alt=\"\" class=\"wp-image-331\" srcset=\"http:\/\/www.nuvf.de\/wordpress\/wp-content\/uploads\/2013\/12\/Pflanzaktion2-1024x768.jpg 1024w, http:\/\/www.nuvf.de\/wordpress\/wp-content\/uploads\/2013\/12\/Pflanzaktion2-300x225.jpg 300w\" sizes=\"auto, (max-width: 1024px) 100vw, 1024px\" \/><\/figure>\n\n\n\n<p>Entlang der westlichen Grenze wurden nun auf einem ca. sechs Meter breiten Streifen insbesondere Schnellball, Wei\u00dfdorn und Liguster gepflanzt. Damit wird eine gr\u00fcne Verbindung vom M\u00fchlebach Richtung Schweberich und in Richtung Erlen geschaffen.<\/p>\n\n\n\n<p>Die Pflanzaktion erstreckte sich auch auf unser Grundst\u00fcck s\u00fcdlich der Erlen. Auch hier erfolgt entlang eines Wasser-grabens eine Vernetzung in westlicher Richtung.<\/p>\n\n\n\n<figure class=\"wp-block-image\"><img loading=\"lazy\" decoding=\"async\" width=\"695\" height=\"464\" src=\"http:\/\/www.nuvf.de\/wordpress\/wp-content\/uploads\/2013\/12\/Pflanzaktion3.jpg\" alt=\"Natur- und Vogelfreunde nuvf\" class=\"wp-image-335\" srcset=\"http:\/\/www.nuvf.de\/wordpress\/wp-content\/uploads\/2013\/12\/Pflanzaktion3.jpg 695w, http:\/\/www.nuvf.de\/wordpress\/wp-content\/uploads\/2013\/12\/Pflanzaktion3-300x200.jpg 300w\" sizes=\"auto, (max-width: 695px) 100vw, 695px\" \/><\/figure>\n\n\n\n<p><strong>Was bedeutet Biotopvernetzung?<\/strong><\/p>\n\n\n\n<p>Die Biotopvernetzung ist ein Instrument zur dauerhaften St\u00e4rkung des vorhandenen Bestandes an naturnahen Fl\u00e4chen.<\/p>\n\n\n\n<p>Durch die Vernetzung und Verkn\u00fcpfung dieser Lebensr\u00e4ume und durch die Gestaltung neuer Landschaftselemente wie Hecken oder Ackerrandstreifen schafft die Biotopvernetzung eine Grundlage f\u00fcr die Bestandssicherung und f\u00fcr die Entwicklung der wildlebenden Tiere und Pflanzen in Agrarlandschaften.<\/p>\n\n\n\n<p>\u00dcber das ganze Land verteilt werden in den einzelnen Landschaften typische Lebensr\u00e4ume entwickelt und vorhandene naturnahe Elemente miteinander verkn\u00fcpft, so dass ein tragf\u00e4higes Netz naturnaher Fl\u00e4chen in der Agrarlandschaft in enger Verzahnung mit den landwirtschaftlich genutzten Fl\u00e4chen entsteht, das Lebensr\u00e4ume mit hoher Artenausstattung verbindet und so einen Austausch zwischen diesen Fl\u00e4chen erm\u00f6glicht.<\/p>\n\n\n\n<p>(Quelle: Landesanstalt f\u00fcr Umwelt, Messungen und Naturschutz Baden-W\u00fcrttemberg).<\/p>\n","protected":false},"excerpt":{"rendered":"<p>Views: 821 Unter dem Biotopevernetzung haben 13 Helfer kr\u00e4ftig zugepackt und rund 500 Str\u00e4ucher, B\u00fcsche und B\u00e4ume auf zwei Grundst\u00fccke des Vereins gepflanzt. Das vor drei Jahren erworbene, rund 1 ha gro\u00dfe Grundst\u00fcck im Gewann M\u00fchlematten war bisher ausschlie\u00dflich an den Reitstall Hemmer verpachtet, der sich verpflichtet hat, die Wiese zu pflegen. Wegen m\u00f6glicher Bodenbr\u00fcter &hellip; <a href=\"http:\/\/www.nuvf.de\/wordpress\/?page_id=344\" class=\"more-link\"><span class=\"screen-reader-text\">2013 Pflanzaktion<\/span> weiterlesen <span class=\"meta-nav\">&rarr;<\/span><\/a><\/p>\n","protected":false},"author":3,"featured_media":0,"parent":51,"menu_order":170,"comment_status":"closed","ping_status":"closed","template":"","meta":{"footnotes":""},"class_list":["post-344","page","type-page","status-publish","hentry"],"_links":{"self":[{"href":"http:\/\/www.nuvf.de\/wordpress\/index.php?rest_route=\/wp\/v2\/pages\/344","targetHints":{"allow":["GET"]}}],"collection":[{"href":"http:\/\/www.nuvf.de\/wordpress\/index.php?rest_route=\/wp\/v2\/pages"}],"about":[{"href":"http:\/\/www.nuvf.de\/wordpress\/index.php?rest_route=\/wp\/v2\/types\/page"}],"author":[{"embeddable":true,"href":"http:\/\/www.nuvf.de\/wordpress\/index.php?rest_route=\/wp\/v2\/users\/3"}],"replies":[{"embeddable":true,"href":"http:\/\/www.nuvf.de\/wordpress\/index.php?rest_route=%2Fwp%2Fv2%2Fcomments&post=344"}],"version-history":[{"count":24,"href":"http:\/\/www.nuvf.de\/wordpress\/index.php?rest_route=\/wp\/v2\/pages\/344\/revisions"}],"predecessor-version":[{"id":5648,"href":"http:\/\/www.nuvf.de\/wordpress\/index.php?rest_route=\/wp\/v2\/pages\/344\/revisions\/5648"}],"up":[{"embeddable":true,"href":"http:\/\/www.nuvf.de\/wordpress\/index.php?rest_route=\/wp\/v2\/pages\/51"}],"wp:attachment":[{"href":"http:\/\/www.nuvf.de\/wordpress\/index.php?rest_route=%2Fwp%2Fv2%2Fmedia&parent=344"}],"curies":[{"name":"wp","href":"https:\/\/api.w.org\/{rel}","templated":true}]}}