{"id":36,"date":"2009-03-14T10:40:17","date_gmt":"2009-03-14T08:40:17","guid":{"rendered":"http:\/\/www.nuvf.de\/wordpress\/?page_id=36"},"modified":"2019-07-27T15:06:55","modified_gmt":"2019-07-27T13:06:55","slug":"21-satzung","status":"publish","type":"page","link":"http:\/\/www.nuvf.de\/wordpress\/?page_id=36","title":{"rendered":"Satzung"},"content":{"rendered":"<p>Views: 727<\/p><p><a href=\"http:\/\/www.n-u-v.de\/infos\/Satzung.pdf\" target=\"_blank\" rel=\"noopener noreferrer\">Hier gehts zum Download der Satzung als pdf<\/a><\/p>\n<div id=\"pageContainer1\" class=\"page\" data-loaded=\"true\" data-page-number=\"1\">\n<div class=\"textLayer\">\n<h3 style=\"text-align: center;\" data-canvas-width=\"123.14498658080998\">Satzung<\/h3>\n<h4 style=\"text-align: center;\" data-canvas-width=\"123.14498658080998\">der Natur- und Vogelfreunde e.V.<br \/>\nEfringen-Kirchen<\/h4>\n<h5 style=\"text-align: center;\" data-canvas-width=\"264.3970350104024\">gegr\u00fcndet am 1. Februar 1958<\/h5>\n<h5 style=\"text-align: center;\" data-canvas-width=\"351.59690269227684\">im Gasthaus ANKER, Efringen-Kirchen<\/h5>\n<h6 style=\"padding-left: 60px;\" data-canvas-width=\"211.19993462447266\">\u00a7 1 Zweck des Vereins<\/h6>\n<p style=\"padding-left: 120px;\" data-canvas-width=\"188.59982976208235\">a) Schutz und Pflege der heimischen Pflanzen- und Tierwelt und ihre nat\u00fcrlichen Lebensr\u00e4ume.<\/p>\n<p style=\"padding-left: 120px;\" data-canvas-width=\"256.59711557562366\">b) Der Verein, mit Sitz in Efringen-Kirchen, verfolgt ausschlie\u00dflich und unmittelbar gemeinn\u00fctzige Zwecke im Sinne des Abschnitts \u201esteuerbeg\u00fcnstigte\u00a0 Zwecke\u201c der Abgabenordnung.<\/p>\n<p style=\"padding-left: 120px;\" data-canvas-width=\"240.59704189201074\">c) Der Verein ist selbstlos t\u00e4tig, er verfolgt nicht in erster Linie eigenwirtschaftliche Zwecke.<\/p>\n<p style=\"padding-left: 120px;\" data-canvas-width=\"190.79681346847406\">d) Mittel des Vereins d\u00fcrfen nur f\u00fcr die satzungsgem\u00e4\u00dfigen Zwecke verwendet werden. Die Mitglieder erhalten keine Zuwendungen aus Mitteln des Vereins.<\/p>\n<p style=\"padding-left: 120px;\" data-canvas-width=\"108.5969859853411\">e) Es darf keine Person durch Ausgaben, die dem Zweck des Vereins fremd sind oder durch unverh\u00e4ltnism\u00e4\u00dfig hohe Verg\u00fctungen beg\u00fcnstigt werden.<\/p>\n<\/div>\n<\/div>\n<div id=\"pageContainer1\" class=\"page\" data-loaded=\"true\" data-page-number=\"1\">\n<div class=\"textLayer\">\n<h6 style=\"padding-left: 60px;\" data-canvas-width=\"237.79993724599873\">\u00a7 2 Aufgaben des Vereins<\/h6>\n<p style=\"padding-left: 120px;\" data-canvas-width=\"45.99706900825299\">Der Verein versucht folgende Ziele zu erreichen, durch:<\/p>\n<p style=\"padding-left: 120px;\" data-canvas-width=\"262.5970397345634\">a) Gegenseitige Belehrungen und Austausch von Erfahrungen in monatlich abzuhaltenden Versammlungen.<\/p>\n<p style=\"padding-left: 120px;\" data-canvas-width=\"195.59695240258816\">b) Informationsveranstaltungen zu Themen des Natur- und Umweltschutzes.<\/p>\n<p style=\"padding-left: 120px;\" data-canvas-width=\"10.19704619106\">c) Anschaffen von Zeitschriften und Fachliteratur.<\/p>\n<p style=\"padding-left: 120px;\" data-canvas-width=\"73.99699736599288\">d) Schaffen von Einrichtungen und Durchf\u00fchren von Ma\u00dfnahmen, die dem Erhalt und dem Schutz der heimischen<br \/>\nTier- und Pflanzenwelt dienen.<\/p>\n<h6 style=\"padding-left: 60px;\" data-canvas-width=\"244.39995342163323\">\u00a7 3 Mitglieder des Vereins<\/h6>\n<p style=\"padding-left: 120px;\" data-canvas-width=\"393.3970086305663\">Die Mitglieder des Vereins bestehen aus:<\/p>\n<p style=\"padding-left: 120px;\" data-canvas-width=\"256.3970700081855\">I.) den Mitgliedern,<\/p>\n<p style=\"padding-left: 120px;\" data-canvas-width=\"301.7969462681656\">II.) den Ehrenmitgliedern,<\/p>\n<p style=\"padding-left: 120px;\" data-canvas-width=\"284.59706996999296\">III.) der Jugendabteilung<\/p>\n<\/div>\n<\/div>\n<div class=\"textLayer\">\n<div style=\"padding-left: 120px;\" data-canvas-width=\"202.19994457334883\"><span style=\"text-decoration: underline;\">Abs. I &#8211; Mitglieder<\/span><\/div>\n<div style=\"padding-left: 120px;\" data-canvas-width=\"202.19994457334883\"><\/div>\n<p style=\"padding-left: 120px;\">a) Mitglieder k\u00f6nnen alle Personen werden, die das 18. Lebensjahr erreicht haben.<\/p>\n<p style=\"padding-left: 120px;\">b) Jugendliche (Jugendabteilung) k\u00f6nnen unter besonderer Ber\u00fccksichtigung des Jugendschutzgesetzes sofern sie die Genehmigung der Eltern oder des Erziehungsberechtigten erbringen, ab 12 Jahren aufgenommen werden.<\/p>\n<p style=\"padding-left: 120px;\"><span style=\"text-decoration: underline;\">Abs. II &#8211; Ehrenmitglieder<\/span><\/p>\n<p style=\"padding-left: 120px;\">Ehrenmitglieder k\u00f6nnen Mitglieder werden, die sich f\u00fcr den Verein verdient gemacht haben. Die Ehrenmitglieder werden von der Vorstandschaft vorgeschlagen und vom Vorstand bei einem \u00f6ffentlichen Anla\u00df ernannt. Sie sind beitragsfrei.<\/p>\n<h6 style=\"padding-left: 60px;\">\u00a7 4 Ein- und Austritt der Mitglieder<\/h6>\n<p style=\"padding-left: 120px;\">1. \u00dcber die Aufnahme der Mitglieder entscheidet die Vorstandschaft.<\/p>\n<p style=\"padding-left: 120px;\">2. Der Austritt der Mitglieder kann nur zum Ende des Gesch\u00e4ftsjahrs (Gesch\u00e4ftsjahr geht von Generalversammlung zur n\u00e4chsten Generalversammlung) erfolgen und ist mindestens einen Monat vorher schriftlich einzureichen. Der Beitrag f\u00fcr das ablaufende Jahr mu\u00df voll entrichtet werden.<\/p>\n<p style=\"padding-left: 120px;\">3. Der in \u00a7 4, Abs. 2 festgelegte Text tritt nur dann nicht in Kraft, wenn ein Mitglied durch Unfall, Krankheit oder sonstigen zwingenden Gr\u00fcnden veranlasst wird, seinen R\u00fccktritt bzw. vor\u00fcbergehende Unterbrechung einzureichen.<\/p>\n<\/div>\n<h6 style=\"padding-left: 60px;\" data-canvas-width=\"357.599884737998\">\u00a7 5 Rechte und Pflichten der Mitglieder<\/h6>\n<p style=\"padding-left: 120px;\">1. Jedes Mitglied hat das Recht, W\u00fcnsche und Antr\u00e4ge zu stellen.<\/p>\n<p style=\"padding-left: 120px;\">2. Jedes Mitglied kann Mitglieder werben und sie dem Vorstand zur Aufnahme melden.<\/p>\n<p style=\"padding-left: 120px;\">3. Jedes Mitglied ist zur p\u00fcnktlichen Zahlung der Beitr\u00e4ge verpflichtet.<\/p>\n<p style=\"padding-left: 120px;\">4. Schuldet ein Mitglied l\u00e4nger als 6 Monate den Beitrag, so kann seine Ausweisung aus dem Verein erfolgen.<\/p>\n<p style=\"padding-left: 120px;\">5. Versucht ein Mitglied den Verein zu sch\u00e4digen oder in schlechten Ruf zu bringen, kann das Mitglied f\u00fcr entstandenen Schaden verantwortlich gemacht werden. Eine Ausweisung aus dem Verein hat sofort zu erfolgen.<\/p>\n<div class=\"textLayer\">\n<h6 id=\"pageContainer3\" class=\"page\" style=\"padding-left: 60px;\" data-loaded=\"true\" data-page-number=\"3\">\u00a7 6 Beitr\u00e4ge und ihre Zahlung<\/h6>\n<div class=\"textLayer\">\n<div style=\"padding-left: 120px;\" data-canvas-width=\"306.3969207170442\">Die Mitglieder haben einen j\u00e4hrlichen Beitrag zu leisten, dessen H\u00f6he in der Generalversammlung festgelegt wird.<\/div>\n<h6 style=\"padding-left: 60px;\" data-canvas-width=\"217.39991553624722\">\u00a7 7 Die Vorstandschaft<\/h6>\n<div style=\"padding-left: 120px;\" data-canvas-width=\"366.5969931063184\">\n<p>Die Vorstandschaft setzt sich zusammen aus:<\/p>\n<div style=\"padding-left: 120px;\" data-canvas-width=\"366.5969931063184\"><\/div>\n<div style=\"padding-left: 30px;\" data-canvas-width=\"491.3969381662256\">1.\u00a0\u00a0\u00a0\u00a0\u00a0 dem 1. Vorstand<\/div>\n<div style=\"padding-left: 30px;\" data-canvas-width=\"491.39693044678273\">2.\u00a0\u00a0\u00a0\u00a0\u00a0 2. Vorstand<\/div>\n<div style=\"padding-left: 30px;\" data-canvas-width=\"521.1969088280415\">3.\u00a0\u00a0\u00a0\u00a0\u00a0 Schriftf\u00fchrer<\/div>\n<div style=\"padding-left: 30px;\" data-canvas-width=\"484.59694068121814\">4.\u00a0\u00a0\u00a0\u00a0\u00a0 1. Rechner<\/div>\n<div style=\"padding-left: 30px;\" data-canvas-width=\"484.59694068121814\">5.\u00a0\u00a0\u00a0\u00a0\u00a0 2. Rechner<\/div>\n<div style=\"padding-left: 30px;\" data-canvas-width=\"561.1967613908608\">6.\u00a0\u00a0\u00a0\u00a0\u00a0 Materialverwalter<\/div>\n<div style=\"padding-left: 30px;\" data-canvas-width=\"498.99684888381154\">7.\u00a0\u00a0\u00a0\u00a0\u00a0 Naturwart<\/div>\n<div style=\"padding-left: 30px;\" data-canvas-width=\"488.9968276713892\">8.\u00a0\u00a0\u00a0\u00a0\u00a0 Beisitzer<\/div>\n<div style=\"padding-left: 30px;\" data-canvas-width=\"163.7997831995468\">9.\u00a0\u00a0\u00a0\u00a0\u00a0 Beisitzer<\/div>\n<div style=\"padding-left: 120px;\" data-canvas-width=\"163.7997831995468\"><\/div>\n<div data-canvas-width=\"163.7997831995468\">\n<p>a) Der 1. und 2. Vorstand, der Schriftf\u00fchrer sowie der 1. Rechner werden jeweils in der Generalversammlung f\u00fcr zwei Jahre gew\u00e4hlt, alle anderen Vorstandsmitglieder f\u00fcr ein Jahr. Der 1. Vorstand und der Schriftf\u00fchrer werden in den ungeraden, der 2. Vorstand und der 1. Rechner in den geraden Jahren gew\u00e4hlt.<\/p>\n<\/div>\n<\/div>\n<\/div>\n<div class=\"textLayer\">\n<div style=\"padding-left: 120px;\" data-canvas-width=\"164.99707651146892\">\n<p>b) Der Vorstand leitet den Verein sowie den Gesch\u00e4ftsverkehr mit allen dazu geh\u00f6rigen Arbeiten.<\/p>\n<p>c) In dringenden Ausnahmef\u00e4llen kann der Vorstand Beschl\u00fcsse fassen, er ist aber verpflichtet, die Vorstandschaft baldm\u00f6glichst davon in Kenntnis zu setzen. Sonst aber fasst die Vorstandschaft gemeinsam Vereinsbeschl\u00fcsse.<\/p>\n<p>d) Tritt der 1. Vorstand durch irgendwelche Gr\u00fcnde vorzeitig au\u00dfer Dienst, so hat der 2. Vorstand die Vereinsangelegenheiten bis zur n\u00e4chsten Generalversammlung zu leiten. Gegebenenfalls hat er eine au\u00dfergew\u00f6hnliche Generalversammlung einzuberufen, wo dann die Neuwahl stattzufinden hat.<\/p>\n<p>e) Der Schriftf\u00fchrer ist f\u00fcr den gesamten Schriftverkehr, sowie f\u00fcr das F\u00fchren des Protokollbuches des Vereins verantwortlich. Er hat das Recht, in den vom 1. oder 2. Vorstand angeordneten Schreiben zu unterschreiben.<\/p>\n<p>f) Der Rechner ist f\u00fcr die Einnahmen und Ausgaben sowie f\u00fcr s\u00e4mtliche damit zusammenh\u00e4ngenden Arbeiten, Kasse, Kassenbuch usw. verantwortlich. Die Kasse und das Kassenbuch sind so zu f\u00fchren, da\u00df jederzeit eine Nachpr\u00fcfung stattfinden kann. F\u00fcr selbstverschuldetes Defizit haftet der Rechner.<\/p>\n<p>g) Der Materialverwalter ist f\u00fcr s\u00e4mtliches vereinseigenes Material verantwortlich. Er hat f\u00fcr eine stete Instandhaltung zu sorgen. Au\u00dferdem hat er eine Bestandliste zu f\u00fchren.<\/p>\n<p>h) Der Naturwart hat die Aufgabe, daf\u00fcr zu sorgen, da\u00df die Aufgaben des Vereins laut \u00a7 1 a und \u00a7 2 d eingehalten werden. Dar\u00fcber hinaus hat er Vorschl\u00e4ge und Anregungen zum Naturschutz in den monatlichen Versammlungen zu vermitteln.<\/p>\n<p>i) Die Beisitzer sind in allen Vorstandssitzungen stimmberechtigt. Sie vertreten die Mitglieder. Sie sind von den Sitzungen jeweils rechtzeitig in Kenntnis zu setzen.<\/p>\n<p>j) Schlie\u00dfen sich noch andere Fachgruppen dem Verein an, (z.B. Aquarien-, Terrarien-, Tierschutzvereine usw.) so hat jede angeschlossene Gruppe einen Beisitzer zus\u00e4tzlich zu stellen.<\/p>\n<p>k) Vorstand im Sinne des \u00a7 26, Abs. 2 BGB ist<\/p>\n<\/div>\n<div style=\"padding-left: 150px;\" data-canvas-width=\"393.59683806959544\">der\u00a0 1. Vorstand<\/div>\n<div style=\"padding-left: 180px;\" data-canvas-width=\"386.79693217052056\">2. Vorstand<\/div>\n<div style=\"padding-left: 180px;\" data-canvas-width=\"386.79693217052056\">Schriftf\u00fchrer und<\/div>\n<div style=\"padding-left: 180px;\" data-canvas-width=\"386.79693217052056\">1. Rechner<\/div>\n<div style=\"padding-left: 180px;\" data-canvas-width=\"386.79693217052056\"><\/div>\n<div style=\"padding-left: 150px;\" data-canvas-width=\"386.79693217052056\">\n<p>Jeweils zwei vertreten gemeinsam.<\/p>\n<\/div>\n<h6 data-canvas-width=\"269.3999065536641\">\u00a7 8 Die Generalversammlung<\/h6>\n<p style=\"padding-left: 120px;\">1. Die Generalversammlung hat j\u00e4hrlich bis sp\u00e4testens 1. April stattzufinden.<\/p>\n<p style=\"padding-left: 120px;\">2. Alle Mitglieder sind dazu einzuladen.<\/p>\n<p style=\"padding-left: 120px;\">3. W\u00fcnsche und Antr\u00e4ge k\u00f6nnen von allen Mitgliedern, m\u00f6glichst 1 Woche vor der Versammlung schriftlich oder auch m\u00fcndlich beim 1. oder 2. Vorstand eingereicht werden.<\/p>\n<\/div>\n<div style=\"padding-left: 120px;\" data-canvas-width=\"162.79707077712627\">\n<p>4. In der Generalversammlung muss ein einwandfreier R\u00fcckblick (Rechenschaftsbericht des Schriftf\u00fchrers sowie Kassenbericht des Rechners usw.) vorgelegt werden. Auch soll ein \u00dcberblick \u00fcber das kommende Jahr im voraus geplant und wichtige Daten festgelegt werden.<\/p>\n<\/div>\n<div style=\"padding-left: 120px;\" data-canvas-width=\"9.997094951935201\">\n<p>5. \u00dcber die Generalversammlung ist ein Protokoll zu f\u00fchren, das vom Schriftf\u00fchrer und vom Versammlungsleiter zu unterschreiben ist.<\/p>\n<\/div>\n<div style=\"padding-left: 120px;\" data-canvas-width=\"93.99700571495407\">\n<p>6. Die Generalversammlung fasst ihre Beschl\u00fcsse in einfacher Mehrheit der abgegebenen Stimmen. F\u00fcr Satzungs\u00e4nderungen und Aufl\u00f6sung ist eine Mehr heit von \u00be der abgegebenen Stimmen erforderlich.<\/p>\n<\/div>\n<div class=\"textLayer\">\n<h6 data-canvas-width=\"115.59993402283365\">\u00a7 9 Wahlen<\/h6>\n<div style=\"padding-left: 120px;\" data-canvas-width=\"134.39705577785733\">\n<p>a) Die Vorstandswahlen haben in geheimer, oder auf Mehrheitsbeschlu\u00df der anwesenden Mitglieder, offener Abstimmung zu erfolgen. Gew\u00e4hlt ist, wer die Stimmenmehrheit besitzt. Bei Stimmengleichheit entscheidet das Los.<\/p>\n<\/div>\n<div style=\"padding-left: 120px;\" data-canvas-width=\"79.99705808031727\">\n<p>b) Zum Wahlleiter kann jedes Mitglied bestimmt werden, das nicht dem Vorstandand geh\u00f6rt.<\/p>\n<\/div>\n<h6 data-canvas-width=\"191.00002041359826\">\u00a7 10 Veranstaltungen<\/h6>\n<div style=\"padding-left: 120px;\" data-canvas-width=\"200.1998489943848\">\n<p>a) Die Veranstaltungen werden, sofern sie in der Generalversammlung nicht festgelegt werden, in einer Mitgliederversammlung festgelegt und beschlossen.<\/p>\n<\/div>\n<div style=\"padding-left: 120px;\" data-canvas-width=\"121.79706097543826\">\n<p>b) Die Leitung aller Anl\u00e4sse liegt in den H\u00e4nden des Vorstandes.<\/p>\n<\/div>\n<h6 data-canvas-width=\"300.8000224244674\">\u00a7 11 Angeschlossene Fachgruppen<\/h6>\n<div style=\"padding-left: 120px;\" data-canvas-width=\"208.79694636052247\">\n<p>a) Andere Fachgruppen k\u00f6nnen jederzeit an den Verein angeschlossen werden. Sie unterstehen aber dem Verein Natur- und Vogelfreunde und haben sich andiese Satzung zu halten.<\/p>\n<\/div>\n<div style=\"padding-left: 120px;\" data-canvas-width=\"205.1998487849809\">\n<p>b) Tritt eine geschlossene Fachgruppe aus dem Verein aus, so hat sie dieses mindestens drei Monate vorher schriftlich der Vorstandschaft zu melden.<\/p>\n<\/div>\n<div style=\"padding-left: 120px;\" data-canvas-width=\"178.59979264305048\">\n<p>c) Ausbildung und Vortr\u00e4ge in ihrer Richtung k\u00f6nnen getrennt abgehalten werden.<\/p>\n<\/div>\n<h6 data-canvas-width=\"243.400028017901\">\u00a7 12 Aufl\u00f6sung des Vereins<\/h6>\n<div style=\"padding-left: 120px;\" data-canvas-width=\"239.99983600349512\">Bei Aufl\u00f6sung des Vereins oder bei Wegfall seines bisherigen Zwecks, f\u00e4llt das<\/div>\n<div style=\"padding-left: 120px;\" data-canvas-width=\"222.39961266551904\">Verm\u00f6gen des Vereins an die Gemeinde Efringen-Kirchen, die es unmittelbar und<\/div>\n<div style=\"padding-left: 120px;\" data-canvas-width=\"49.59706070325604\">ausschlie\u00dflich f\u00fcr gemeinn\u00fctzige Zwecke zu verwenden hat.<\/div>\n<\/div>\n<h6 data-canvas-width=\"168.00005076670587\">\u00a7 13 Beglaubigung<\/h6>\n<div class=\"textLayer\">\n<p style=\"padding-left: 120px;\" data-canvas-width=\"78.39704997838903\">Vorstehende Satzung durchgelesen und f\u00fcr richtig befunden, ihre Wirksamkeit best\u00e4tigt:<\/p>\n<p style=\"padding-left: 120px;\" data-canvas-width=\"361.396979485548\">1. Vorstand gez. Bernhard Wiesler<\/p>\n<p style=\"padding-left: 120px;\" data-canvas-width=\"337.99700852675215\">2. Vorstand gez. Siegfried Kurz<\/p>\n<p style=\"padding-left: 120px;\" data-canvas-width=\"320.1970103255282\">Schriftf\u00fchrer gez. Helga Meier<\/p>\n<p style=\"padding-left: 120px;\" data-canvas-width=\"353.5970929313583\">1. Rechner gez. Fritz Kaltenbach<\/p>\n<p data-canvas-width=\"302.19707936227144\">Efringen-Kirchen, den 6. April 1995<\/p>\n<\/div>\n<\/div>\n","protected":false},"excerpt":{"rendered":"<p>Views: 727Hier gehts zum Download der Satzung als pdf Satzung der Natur- und Vogelfreunde e.V. Efringen-Kirchen gegr\u00fcndet am 1. Februar 1958 im Gasthaus ANKER, Efringen-Kirchen \u00a7 1 Zweck des Vereins a) Schutz und Pflege der heimischen Pflanzen- und Tierwelt und ihre nat\u00fcrlichen Lebensr\u00e4ume. b) Der Verein, mit Sitz in Efringen-Kirchen, verfolgt ausschlie\u00dflich und unmittelbar gemeinn\u00fctzige &hellip; <a href=\"http:\/\/www.nuvf.de\/wordpress\/?page_id=36\" class=\"more-link\"><span class=\"screen-reader-text\">Satzung<\/span> weiterlesen <span class=\"meta-nav\">&rarr;<\/span><\/a><\/p>\n","protected":false},"author":1,"featured_media":0,"parent":20,"menu_order":100,"comment_status":"closed","ping_status":"closed","template":"","meta":{"footnotes":""},"class_list":["post-36","page","type-page","status-publish","hentry"],"_links":{"self":[{"href":"http:\/\/www.nuvf.de\/wordpress\/index.php?rest_route=\/wp\/v2\/pages\/36","targetHints":{"allow":["GET"]}}],"collection":[{"href":"http:\/\/www.nuvf.de\/wordpress\/index.php?rest_route=\/wp\/v2\/pages"}],"about":[{"href":"http:\/\/www.nuvf.de\/wordpress\/index.php?rest_route=\/wp\/v2\/types\/page"}],"author":[{"embeddable":true,"href":"http:\/\/www.nuvf.de\/wordpress\/index.php?rest_route=\/wp\/v2\/users\/1"}],"replies":[{"embeddable":true,"href":"http:\/\/www.nuvf.de\/wordpress\/index.php?rest_route=%2Fwp%2Fv2%2Fcomments&post=36"}],"version-history":[{"count":32,"href":"http:\/\/www.nuvf.de\/wordpress\/index.php?rest_route=\/wp\/v2\/pages\/36\/revisions"}],"predecessor-version":[{"id":5565,"href":"http:\/\/www.nuvf.de\/wordpress\/index.php?rest_route=\/wp\/v2\/pages\/36\/revisions\/5565"}],"up":[{"embeddable":true,"href":"http:\/\/www.nuvf.de\/wordpress\/index.php?rest_route=\/wp\/v2\/pages\/20"}],"wp:attachment":[{"href":"http:\/\/www.nuvf.de\/wordpress\/index.php?rest_route=%2Fwp%2Fv2%2Fmedia&parent=36"}],"curies":[{"name":"wp","href":"https:\/\/api.w.org\/{rel}","templated":true}]}}