{"id":39,"date":"2009-03-14T10:42:22","date_gmt":"2009-03-14T08:42:22","guid":{"rendered":"http:\/\/www.nuvf.de\/wordpress\/?page_id=39"},"modified":"2024-03-14T20:15:55","modified_gmt":"2024-03-14T18:15:55","slug":"22-eine-information-zum-verein-und-seinen-aufgaben","status":"publish","type":"page","link":"http:\/\/www.nuvf.de\/wordpress\/?page_id=39","title":{"rendered":"Der Verein"},"content":{"rendered":"<p>Views: 1031<\/p>\n<p>Unser Verein wurde im Jahre <strong>1958 gegr\u00fcndet<\/strong> und hat derzeit rund 250 Mitglieder.<\/p>\n\n\n\n<p>Im Vordergrund standen in den Anf\u00e4ngen die Vogelzucht und der Schutz der heimischen V\u00f6gel. Schon im Gr\u00fcndungsjahr ging man mit einer Ausstellung an die \u00d6ffentlichkeit. Diese Ausstellungen wurden j\u00e4hrlich bis 1988 durchgef\u00fchrt.<\/p>\n\n\n\n<figure class=\"wp-block-image\"><img loading=\"lazy\" decoding=\"async\" width=\"968\" height=\"648\" src=\"http:\/\/www.nuvf.de\/wordpress\/wp-content\/uploads\/2017\/01\/Eins\u00e4tze.jpg\" alt=\"\" class=\"wp-image-2906\" srcset=\"http:\/\/www.nuvf.de\/wordpress\/wp-content\/uploads\/2017\/01\/Eins\u00e4tze.jpg 968w, http:\/\/www.nuvf.de\/wordpress\/wp-content\/uploads\/2017\/01\/Eins\u00e4tze-300x201.jpg 300w, http:\/\/www.nuvf.de\/wordpress\/wp-content\/uploads\/2017\/01\/Eins\u00e4tze-768x514.jpg 768w\" sizes=\"auto, (max-width: 968px) 100vw, 968px\" \/><\/figure>\n\n\n\n<p>Zu Beginn der 60er Jahre \u00fcbernahmen wir die <strong>Betreuung von Nistk\u00e4sten<\/strong> vom F\u00f6rster. Dieses Aufgabengebiet haben wir nach und nach ausgebaut. Inzwischen werden von uns \u00fcber 400 Nistk\u00e4sten im gesamten Gemeindegebiet betreut. <\/p>\n\n\n\n<p>Auch andere Aufgaben wurden \u00fcbernommen. So haben wir in den Anfangsjahren rund um unseren Ort <strong>B\u00e4nke<\/strong> aufgestellt, die immer noch von uns betreut werden. <\/p>\n\n\n\n<p> Im Herbst 1994 haben wir das <strong>Storchennest <\/strong>in Kirchen instand gesetzt. Seit 1987 sind bei uns \u00fcber 30 St\u00f6rche geschl\u00fcpft und beringt worden. <\/p>\n\n\n\n<figure class=\"wp-block-image\"><img loading=\"lazy\" decoding=\"async\" width=\"968\" height=\"648\" src=\"http:\/\/www.nuvf.de\/wordpress\/wp-content\/uploads\/2016\/07\/Bachpflege-2016-Jan-01.jpg\" alt=\"Bachpflege\" class=\"wp-image-2205\" srcset=\"http:\/\/www.nuvf.de\/wordpress\/wp-content\/uploads\/2016\/07\/Bachpflege-2016-Jan-01.jpg 968w, http:\/\/www.nuvf.de\/wordpress\/wp-content\/uploads\/2016\/07\/Bachpflege-2016-Jan-01-300x201.jpg 300w, http:\/\/www.nuvf.de\/wordpress\/wp-content\/uploads\/2016\/07\/Bachpflege-2016-Jan-01-768x514.jpg 768w\" sizes=\"auto, (max-width: 968px) 100vw, 968px\" \/><figcaption class=\"wp-element-caption\">Bachpflege<\/figcaption><\/figure>\n\n\n\n<p>Immer wieder versuchte der Verein auch Schutzgebiete zu schaffen und zu erhalten. Ein gro\u00dfes Aufgabengebiet \u00fcbernahmen wir 1986 mit der <strong>Bachpatenschaft<\/strong> f\u00fcr den Feuer- und Engebach.<\/p>\n\n\n\n<p>Diese Bachpatenschaft ist eine unserer Hauptaufgaben. So leisten wir im Winterhalbjahr zwischen 200 und 300 Stunden Arbeit an unseren B\u00e4chen.<\/p>\n\n\n\n<p>Seit 2018 bek\u00e4mpfen wir das <strong>Springkraut <\/strong>an den Bachufern des Feuerbach.<\/p>\n\n\n\n<p>Ein ferneres Ziel ist eine <strong>Biotopvernetzung<\/strong>. Mit dem Erwerb von geeigneten Wald- und Wiesengrundst\u00fccken versuchen wir R\u00fcckzugsr\u00e4ume f\u00fcr die heimisch Tier- und Pflanzenwelt zu schaffen.<\/p>\n\n\n\n<figure class=\"wp-block-image size-large\"><a href=\"http:\/\/www.nuvf.de\/wordpress\/wp-content\/uploads\/2019\/11\/DSC_8145.jpg\"><img loading=\"lazy\" decoding=\"async\" width=\"1024\" height=\"683\" src=\"http:\/\/www.nuvf.de\/wordpress\/wp-content\/uploads\/2019\/11\/DSC_8145-1024x683.jpg\" alt=\"\" class=\"wp-image-5882\" srcset=\"http:\/\/www.nuvf.de\/wordpress\/wp-content\/uploads\/2019\/11\/DSC_8145-1024x683.jpg 1024w, http:\/\/www.nuvf.de\/wordpress\/wp-content\/uploads\/2019\/11\/DSC_8145-300x200.jpg 300w, http:\/\/www.nuvf.de\/wordpress\/wp-content\/uploads\/2019\/11\/DSC_8145-768x512.jpg 768w, http:\/\/www.nuvf.de\/wordpress\/wp-content\/uploads\/2019\/11\/DSC_8145.jpg 1800w\" sizes=\"auto, (max-width: 1024px) 100vw, 1024px\" \/><\/a><\/figure>\n","protected":false},"excerpt":{"rendered":"<p>Views: 1031 Unser Verein wurde im Jahre 1958 gegr\u00fcndet und hat derzeit rund 250 Mitglieder. Im Vordergrund standen in den Anf\u00e4ngen die Vogelzucht und der Schutz der heimischen V\u00f6gel. Schon im Gr\u00fcndungsjahr ging man mit einer Ausstellung an die \u00d6ffentlichkeit. Diese Ausstellungen wurden j\u00e4hrlich bis 1988 durchgef\u00fchrt. Zu Beginn der 60er Jahre \u00fcbernahmen wir die &hellip; <a href=\"http:\/\/www.nuvf.de\/wordpress\/?page_id=39\" class=\"more-link\"><span class=\"screen-reader-text\">Der Verein<\/span> weiterlesen <span class=\"meta-nav\">&rarr;<\/span><\/a><\/p>\n","protected":false},"author":1,"featured_media":0,"parent":20,"menu_order":80,"comment_status":"closed","ping_status":"closed","template":"","meta":{"footnotes":""},"class_list":["post-39","page","type-page","status-publish","hentry"],"_links":{"self":[{"href":"http:\/\/www.nuvf.de\/wordpress\/index.php?rest_route=\/wp\/v2\/pages\/39","targetHints":{"allow":["GET"]}}],"collection":[{"href":"http:\/\/www.nuvf.de\/wordpress\/index.php?rest_route=\/wp\/v2\/pages"}],"about":[{"href":"http:\/\/www.nuvf.de\/wordpress\/index.php?rest_route=\/wp\/v2\/types\/page"}],"author":[{"embeddable":true,"href":"http:\/\/www.nuvf.de\/wordpress\/index.php?rest_route=\/wp\/v2\/users\/1"}],"replies":[{"embeddable":true,"href":"http:\/\/www.nuvf.de\/wordpress\/index.php?rest_route=%2Fwp%2Fv2%2Fcomments&post=39"}],"version-history":[{"count":45,"href":"http:\/\/www.nuvf.de\/wordpress\/index.php?rest_route=\/wp\/v2\/pages\/39\/revisions"}],"predecessor-version":[{"id":8343,"href":"http:\/\/www.nuvf.de\/wordpress\/index.php?rest_route=\/wp\/v2\/pages\/39\/revisions\/8343"}],"up":[{"embeddable":true,"href":"http:\/\/www.nuvf.de\/wordpress\/index.php?rest_route=\/wp\/v2\/pages\/20"}],"wp:attachment":[{"href":"http:\/\/www.nuvf.de\/wordpress\/index.php?rest_route=%2Fwp%2Fv2%2Fmedia&parent=39"}],"curies":[{"name":"wp","href":"https:\/\/api.w.org\/{rel}","templated":true}]}}