{"id":422,"date":"2015-01-02T12:31:26","date_gmt":"2015-01-02T10:31:26","guid":{"rendered":"http:\/\/www.nuvf.de\/wordpress\/?page_id=422"},"modified":"2023-03-14T17:43:25","modified_gmt":"2023-03-14T15:43:25","slug":"straeucherlehrpfad-2014","status":"publish","type":"page","link":"http:\/\/www.nuvf.de\/wordpress\/?page_id=422","title":{"rendered":"2014 Str\u00e4ucherlehrpfad"},"content":{"rendered":"<p>Views: 564<\/p>\n<figure class=\"wp-block-image\"><img loading=\"lazy\" decoding=\"async\" width=\"968\" height=\"648\" src=\"http:\/\/www.nuvf.de\/wordpress\/wp-content\/uploads\/2016\/11\/Gemeiner-Schneeball-01-klein.jpg\" alt=\"\" class=\"wp-image-2669\" srcset=\"http:\/\/www.nuvf.de\/wordpress\/wp-content\/uploads\/2016\/11\/Gemeiner-Schneeball-01-klein.jpg 968w, http:\/\/www.nuvf.de\/wordpress\/wp-content\/uploads\/2016\/11\/Gemeiner-Schneeball-01-klein-300x201.jpg 300w, http:\/\/www.nuvf.de\/wordpress\/wp-content\/uploads\/2016\/11\/Gemeiner-Schneeball-01-klein-768x514.jpg 768w\" sizes=\"auto, (max-width: 968px) 100vw, 968px\" \/><\/figure>\n\n\n\n<p>F\u00fcr die zw\u00f6lf wetterfesten Schilder hat der Verein rund 700 Euro ausgegeben:<br>eine Investition f\u00fcr interessierte B\u00fcrger!Wie bei der Generalversammlung angek\u00fcndigt, haben wir am ersten April-Wochenende den Str\u00e4ucherlehrpfad angelegt.Die betreffenden Str\u00e4ucher wurden im Rahmen der Bachpatenschaft gepflanzt. Der etwa 200 m lange Lehrpfad&nbsp;beginnt etwas unterhalb des Neubaugebietes Gie\u00dfenfeld. <\/p>\n\n\n\n<figure class=\"wp-block-image\"><img loading=\"lazy\" decoding=\"async\" width=\"1024\" height=\"687\" src=\"http:\/\/www.nuvf.de\/wordpress\/wp-content\/uploads\/2016\/02\/Str\u00e4ucherlehrpfad-02-1024x687.jpg\" alt=\"\" class=\"wp-image-1958\" srcset=\"http:\/\/www.nuvf.de\/wordpress\/wp-content\/uploads\/2016\/02\/Str\u00e4ucherlehrpfad-02-1024x687.jpg 1024w, http:\/\/www.nuvf.de\/wordpress\/wp-content\/uploads\/2016\/02\/Str\u00e4ucherlehrpfad-02-300x201.jpg 300w, http:\/\/www.nuvf.de\/wordpress\/wp-content\/uploads\/2016\/02\/Str\u00e4ucherlehrpfad-02-768x516.jpg 768w\" sizes=\"auto, (max-width: 1024px) 100vw, 1024px\" \/><\/figure>\n\n\n\n<p>\u00dcber folgende Str\u00e4ucher wird informiert:<\/p>\n\n\n\n<ul class=\"wp-block-list\"><li>Liguster<\/li><li>Schlehe-Schwarzdorf<\/li><li>Sanddorn<\/li><li>Wei\u00dfdorn<\/li><li>Kornelkirsche<\/li><li>Wolliger Schneeball<\/li><li>Berberitze-Sauerdorf<\/li><li>Pfaffenh\u00fctchen<\/li><li>Traubenkirsche<\/li><li>Gew\u00f6hnlicher Schneeball<\/li><li>Roter Hartriegel<\/li><\/ul>\n\n\n\n<p>\n\nWer wusste, dass die aus Faulbaumholz hergestellte Holzkohle von hoher Qualit\u00e4t ist und fr\u00fcher zur Schie\u00dfpulverbereitung diente? Daher r\u00fchrt auch der Zweitname Pulverholz.\n\n<\/p>\n\n\n\n<figure class=\"wp-block-image\"><img loading=\"lazy\" decoding=\"async\" width=\"968\" height=\"648\" src=\"http:\/\/www.nuvf.de\/wordpress\/wp-content\/uploads\/2015\/12\/Projekte-Infotafel-Voegel-02.jpg\" alt=\"\" class=\"wp-image-1579\" srcset=\"http:\/\/www.nuvf.de\/wordpress\/wp-content\/uploads\/2015\/12\/Projekte-Infotafel-Voegel-02.jpg 968w, http:\/\/www.nuvf.de\/wordpress\/wp-content\/uploads\/2015\/12\/Projekte-Infotafel-Voegel-02-300x201.jpg 300w, http:\/\/www.nuvf.de\/wordpress\/wp-content\/uploads\/2015\/12\/Projekte-Infotafel-Voegel-02-768x514.jpg 768w\" sizes=\"auto, (max-width: 968px) 100vw, 968px\" \/><\/figure>\n\n\n\n<p>Auf der gegen\u00fcberliegenden Seite des Feuerbaches haben wir bereits im Juni 1999 einen <strong>Nistkastenlehrpfad<\/strong> angelegt. Unter den verschiedenen Nistk\u00e4sten wird jeweils auf einer Tafel beschrieben, welche V\u00f6gel den betreffenden Kasten bevorzugen.<\/p>\n\n\n\n<p>Klar, dass z.B. Stare eine andere \u00d6ffnung (45 Millimeter) bevorzugen als eine Blaumeise (32 Millimeter).<\/p>\n","protected":false},"excerpt":{"rendered":"<p>Views: 564 F\u00fcr die zw\u00f6lf wetterfesten Schilder hat der Verein rund 700 Euro ausgegeben:eine Investition f\u00fcr interessierte B\u00fcrger!Wie bei der Generalversammlung angek\u00fcndigt, haben wir am ersten April-Wochenende den Str\u00e4ucherlehrpfad angelegt.Die betreffenden Str\u00e4ucher wurden im Rahmen der Bachpatenschaft gepflanzt. Der etwa 200 m lange Lehrpfad&nbsp;beginnt etwas unterhalb des Neubaugebietes Gie\u00dfenfeld. \u00dcber folgende Str\u00e4ucher wird informiert: Liguster &hellip; <a href=\"http:\/\/www.nuvf.de\/wordpress\/?page_id=422\" class=\"more-link\"><span class=\"screen-reader-text\">2014 Str\u00e4ucherlehrpfad<\/span> weiterlesen <span class=\"meta-nav\">&rarr;<\/span><\/a><\/p>\n","protected":false},"author":3,"featured_media":0,"parent":51,"menu_order":165,"comment_status":"closed","ping_status":"closed","template":"","meta":{"footnotes":""},"class_list":["post-422","page","type-page","status-publish","hentry"],"_links":{"self":[{"href":"http:\/\/www.nuvf.de\/wordpress\/index.php?rest_route=\/wp\/v2\/pages\/422","targetHints":{"allow":["GET"]}}],"collection":[{"href":"http:\/\/www.nuvf.de\/wordpress\/index.php?rest_route=\/wp\/v2\/pages"}],"about":[{"href":"http:\/\/www.nuvf.de\/wordpress\/index.php?rest_route=\/wp\/v2\/types\/page"}],"author":[{"embeddable":true,"href":"http:\/\/www.nuvf.de\/wordpress\/index.php?rest_route=\/wp\/v2\/users\/3"}],"replies":[{"embeddable":true,"href":"http:\/\/www.nuvf.de\/wordpress\/index.php?rest_route=%2Fwp%2Fv2%2Fcomments&post=422"}],"version-history":[{"count":32,"href":"http:\/\/www.nuvf.de\/wordpress\/index.php?rest_route=\/wp\/v2\/pages\/422\/revisions"}],"predecessor-version":[{"id":5647,"href":"http:\/\/www.nuvf.de\/wordpress\/index.php?rest_route=\/wp\/v2\/pages\/422\/revisions\/5647"}],"up":[{"embeddable":true,"href":"http:\/\/www.nuvf.de\/wordpress\/index.php?rest_route=\/wp\/v2\/pages\/51"}],"wp:attachment":[{"href":"http:\/\/www.nuvf.de\/wordpress\/index.php?rest_route=%2Fwp%2Fv2%2Fmedia&parent=422"}],"curies":[{"name":"wp","href":"https:\/\/api.w.org\/{rel}","templated":true}]}}