{"id":4797,"date":"2018-10-16T10:38:44","date_gmt":"2018-10-16T08:38:44","guid":{"rendered":"http:\/\/www.nuvf.de\/wordpress\/?page_id=4797"},"modified":"2019-07-13T08:01:05","modified_gmt":"2019-07-13T06:01:05","slug":"datenschutz","status":"publish","type":"page","link":"http:\/\/www.nuvf.de\/wordpress\/?page_id=4797","title":{"rendered":"Datenschutz"},"content":{"rendered":"<p>Views: 617<\/p><p>Datenschutzerkl\u00e4rung<\/p>\n<h6 dir=\"ltr\">Allgemeines<\/h6>\n<div dir=\"ltr\">Ihre personenbezogenen Daten (z.B. Anrede, Name, Anschrift, E-Mail-Adresse, Telefonnummer, Bankverbindung, Kreditkartennummer) werden von uns nur gem\u00e4\u00df den Bestimmungen des deutschen Datenschutzrechts verarbeitet. Die nachfolgenden Vorschriften informieren Sie \u00fcber Art, Umfang und Zweck der Erhebung, Verarbeitung und Nutzung personenbezogener Daten. Diese Datenschutzerkl\u00e4rung bezieht sich nur auf unsere Webseiten. Falls Sie \u00fcber Links auf unseren Seiten auf andere Seiten weitergeleitet werden, informieren Sie sich bitte dort \u00fcber den jeweiligen Umgang mit Ihren Daten.<\/div>\n<h6 dir=\"ltr\">Bestandsdaten<\/h6>\n<div dir=\"ltr\">(1) Ihre personenbezogenen Daten, soweit diese f\u00fcr die Begr\u00fcndung, inhaltliche Ausgestaltung oder \u00c4nderung des Vertragsverh\u00e4ltnisses erforderlich sind (Bestandsdaten), werden ausschlie\u00dflich zur Vertragsabwicklung verwendet. So muss z.B. zur Zustellung der Waren Ihr Name und Ihre Anschrift an den Warenlieferanten weitergegeben werden.<br \/>\n(2) Ohne Ihre ausdr\u00fcckliche Einwilligung oder ohne gesetzliche Grundlage werden Ihre personenbezogenen Daten nicht an au\u00dferhalb der Vertragsabwicklung stehende Dritte weitergegeben. Nach vollst\u00e4ndiger Vertragsabwicklung werden Ihre Daten f\u00fcr die weitere Verwendung gesperrt. Nach Ablauf der steuer- und handelsrechtlichen Vorschriften werden diese Daten gel\u00f6scht, sofern Sie nicht ausdr\u00fccklich in die weitere Nutzung eingewilligt haben.<\/div>\n<h6 dir=\"ltr\">Webanalyse mit Count per Day Statistik<\/h6>\n<div dir=\"ltr\">Diese Website benutzt die Count per Day Statistik. Das WordPress Plugin \u201eCount per Day\u201c speichert sogenannte \u201eCookies\u201c auf Ihrem Computer, die eine Auswertung Ihrer Nutzung dieser Website erm\u00f6glichen. Die durch den Cookie dabei anfallenden Daten \u00fcber Ihre Nutzung der Website werden anonymisiert an einen Server von Count per Day in den USA \u00fcbertragen und dort gespeichert. Die Daten sind so anonymisiert, dass sie nicht mehr einem Anschluss zuordenbar sind. Die anfallenden Daten werden durch Count per Day gegebenenfalls an Dritte \u00fcbertragen, sofern dies gesetzlich vorgeschrieben ist, oder sofern Count per Day die Daten durch Dritte verarbeiten l\u00e4sst. In keinem Fall wird Ihre IP-Adresse mit anderen Daten von Count per Day in Verbindung gebracht. Die Installation des Cookies k\u00f6nnen Sie durch die entsprechenden Einstellungen in Ihrem Webbrowser unterbinden. Durch die Nutzung dieser Website erkl\u00e4ren Sie sich mit beschriebenen der Bearbeitung der \u00fcber Sie erhobenen Daten durch Count per Day einverstanden. Indem Sie mir dies mitteilen, k\u00f6nnen der Erhebung der Daten durch Count per Day-Statistik widersprechen.<\/div>\n<h6 dir=\"ltr\">Informationen \u00fcber Cookies<\/h6>\n<div dir=\"ltr\">(1) Zur Optimierung unseres Internetauftritts setzen wir Cookies ein. Es handelt sich dabei um kleine Textdateien, die im Arbeitsspeicher Ihres Computers gespeichert werden. Diese Cookies werden nach dem Schlie\u00dfen des Browsers wieder gel\u00f6scht. Andere Cookies verbleiben auf Ihrem Rechner (Langzeit-Cookies) und erkennen ihn beim n\u00e4chsten Besuch wieder. Dadurch k\u00f6nnen wir Ihnen einen besseren Zugang auf unsere Seite erm\u00f6glichen.<br \/>\n(2) Das Speichern von Cookies k\u00f6nnen Sie verhindern, indem Sie in Ihren Browser-Einstellungen &#8222;Cookies blockieren&#8220; w\u00e4hlen. Dies kann aber eine Funktionseinschr\u00e4nkung unserer Angebote zur Folge haben.<\/div>\n<h6 dir=\"ltr\">Auskunft<\/h6>\n<div dir=\"ltr\">Unter anderem nach dem Bundesdatenschutzgesetz haben Sie ein Recht auf unentgeltliche Auskunft \u00fcber Ihre gespeicherten Daten sowie ggf. ein Recht auf Berichtigung, Sperrung oder L\u00f6schung dieser Daten. Fragen k\u00f6nnen Sie z.B. \u00fcber die folgende E-Mail-Adresse stellen: ( info@nuvf.de )<\/div>\n","protected":false},"excerpt":{"rendered":"<p>Views: 617Datenschutzerkl\u00e4rung Allgemeines Ihre personenbezogenen Daten (z.B. Anrede, Name, Anschrift, E-Mail-Adresse, Telefonnummer, Bankverbindung, Kreditkartennummer) werden von uns nur gem\u00e4\u00df den Bestimmungen des deutschen Datenschutzrechts verarbeitet. Die nachfolgenden Vorschriften informieren Sie \u00fcber Art, Umfang und Zweck der Erhebung, Verarbeitung und Nutzung personenbezogener Daten. Diese Datenschutzerkl\u00e4rung bezieht sich nur auf unsere Webseiten. Falls Sie \u00fcber Links auf &hellip; <a href=\"http:\/\/www.nuvf.de\/wordpress\/?page_id=4797\" class=\"more-link\"><span class=\"screen-reader-text\">Datenschutz<\/span> weiterlesen <span class=\"meta-nav\">&rarr;<\/span><\/a><\/p>\n","protected":false},"author":3,"featured_media":0,"parent":0,"menu_order":580,"comment_status":"closed","ping_status":"closed","template":"","meta":{"footnotes":""},"class_list":["post-4797","page","type-page","status-publish","hentry"],"_links":{"self":[{"href":"http:\/\/www.nuvf.de\/wordpress\/index.php?rest_route=\/wp\/v2\/pages\/4797","targetHints":{"allow":["GET"]}}],"collection":[{"href":"http:\/\/www.nuvf.de\/wordpress\/index.php?rest_route=\/wp\/v2\/pages"}],"about":[{"href":"http:\/\/www.nuvf.de\/wordpress\/index.php?rest_route=\/wp\/v2\/types\/page"}],"author":[{"embeddable":true,"href":"http:\/\/www.nuvf.de\/wordpress\/index.php?rest_route=\/wp\/v2\/users\/3"}],"replies":[{"embeddable":true,"href":"http:\/\/www.nuvf.de\/wordpress\/index.php?rest_route=%2Fwp%2Fv2%2Fcomments&post=4797"}],"version-history":[{"count":1,"href":"http:\/\/www.nuvf.de\/wordpress\/index.php?rest_route=\/wp\/v2\/pages\/4797\/revisions"}],"predecessor-version":[{"id":4798,"href":"http:\/\/www.nuvf.de\/wordpress\/index.php?rest_route=\/wp\/v2\/pages\/4797\/revisions\/4798"}],"wp:attachment":[{"href":"http:\/\/www.nuvf.de\/wordpress\/index.php?rest_route=%2Fwp%2Fv2%2Fmedia&parent=4797"}],"curies":[{"name":"wp","href":"https:\/\/api.w.org\/{rel}","templated":true}]}}