{"id":5,"date":"2009-03-13T12:07:23","date_gmt":"2009-03-13T10:07:23","guid":{"rendered":"http:\/\/www.nuvf.de\/wordpress\/?page_id=5"},"modified":"2026-02-01T21:20:23","modified_gmt":"2026-02-01T19:20:23","slug":"news","status":"publish","type":"page","link":"http:\/\/www.nuvf.de\/wordpress\/?page_id=5","title":{"rendered":"Termine"},"content":{"rendered":"<p>Views: 872<\/p>\n<p><strong>07.03.2026<\/strong> gro\u00dfe M\u00fcllsammelaktion im und um den Ort Efringen-Kirchen<\/p>\n\n\n\n<p><strong>13.03.2026<\/strong>: Generalversammlung um <strong>19:30 Uhr<\/strong> im Museumskeller der <a href=\"http:\/\/www.nuvf.de\/wordpress\/wp-content\/uploads\/2016\/01\/Alte-Schule-02.jpg\" target=\"_blank\" rel=\"noreferrer noopener\">&#8222;Alten Schule&#8220;<\/a>,<br><a href=\"https:\/\/www.google.de\/maps\/place\/Museum\/@47.6545672,7.562102,15z\/data=!4m2!3m1!1s0x0:0xb7ec943130020d7e\" target=\"_blank\" rel=\"noreferrer noopener\">Nikolaus-D\u00e4ublin-Weg 2<\/a>, 79588 Efringen-Kirchen statt.<\/p>\n\n\n\n<div class=\"wp-block-media-text has-media-on-the-right is-stacked-on-mobile\"><div class=\"wp-block-media-text__content\">\n<p><a href=\"http:\/\/www.nuvf.de\/wordpress\/?page_id=522\" data-type=\"page\" data-id=\"522\">Termine<\/a><\/p>\n<\/div><figure class=\"wp-block-media-text__media\"><img loading=\"lazy\" decoding=\"async\" width=\"1024\" height=\"686\" src=\"http:\/\/www.nuvf.de\/wordpress\/wp-content\/uploads\/2019\/07\/Vortrag-1024x686.jpg\" alt=\"\" class=\"wp-image-5409 size-full\" srcset=\"http:\/\/www.nuvf.de\/wordpress\/wp-content\/uploads\/2019\/07\/Vortrag-1024x686.jpg 1024w, http:\/\/www.nuvf.de\/wordpress\/wp-content\/uploads\/2019\/07\/Vortrag-300x201.jpg 300w, http:\/\/www.nuvf.de\/wordpress\/wp-content\/uploads\/2019\/07\/Vortrag-768x514.jpg 768w, http:\/\/www.nuvf.de\/wordpress\/wp-content\/uploads\/2019\/07\/Vortrag.jpg 1356w\" sizes=\"auto, (max-width: 1024px) 100vw, 1024px\" \/><\/figure><\/div>\n\n\n\n<div class=\"wp-block-media-text has-media-on-the-right is-stacked-on-mobile\"><div class=\"wp-block-media-text__content\">\n<p><a href=\"http:\/\/www.nuvf.de\/wordpress\/?page_id=5925\" data-type=\"page\" data-id=\"5925\">\u00fcber unseren Eins\u00e4tzen<\/a><\/p>\n<\/div><figure class=\"wp-block-media-text__media\"><img loading=\"lazy\" decoding=\"async\" width=\"1024\" height=\"683\" src=\"http:\/\/www.nuvf.de\/wordpress\/wp-content\/uploads\/2024\/10\/Projekte2024_10_19_5-1024x683.jpg\" alt=\"\" class=\"wp-image-8436 size-full\" srcset=\"http:\/\/www.nuvf.de\/wordpress\/wp-content\/uploads\/2024\/10\/Projekte2024_10_19_5-1024x683.jpg 1024w, http:\/\/www.nuvf.de\/wordpress\/wp-content\/uploads\/2024\/10\/Projekte2024_10_19_5-300x200.jpg 300w, http:\/\/www.nuvf.de\/wordpress\/wp-content\/uploads\/2024\/10\/Projekte2024_10_19_5-768x512.jpg 768w, http:\/\/www.nuvf.de\/wordpress\/wp-content\/uploads\/2024\/10\/Projekte2024_10_19_5-1536x1025.jpg 1536w, http:\/\/www.nuvf.de\/wordpress\/wp-content\/uploads\/2024\/10\/Projekte2024_10_19_5.jpg 1800w\" sizes=\"auto, (max-width: 1024px) 100vw, 1024px\" \/><\/figure><\/div>\n","protected":false},"excerpt":{"rendered":"<p>Views: 872 07.03.2026 gro\u00dfe M\u00fcllsammelaktion im und um den Ort Efringen-Kirchen 13.03.2026: Generalversammlung um 19:30 Uhr im Museumskeller der &#8222;Alten Schule&#8220;,Nikolaus-D\u00e4ublin-Weg 2, 79588 Efringen-Kirchen statt. Termine \u00fcber unseren Eins\u00e4tzen<\/p>\n","protected":false},"author":1,"featured_media":0,"parent":0,"menu_order":10,"comment_status":"closed","ping_status":"closed","template":"","meta":{"footnotes":""},"class_list":["post-5","page","type-page","status-publish","hentry"],"_links":{"self":[{"href":"http:\/\/www.nuvf.de\/wordpress\/index.php?rest_route=\/wp\/v2\/pages\/5","targetHints":{"allow":["GET"]}}],"collection":[{"href":"http:\/\/www.nuvf.de\/wordpress\/index.php?rest_route=\/wp\/v2\/pages"}],"about":[{"href":"http:\/\/www.nuvf.de\/wordpress\/index.php?rest_route=\/wp\/v2\/types\/page"}],"author":[{"embeddable":true,"href":"http:\/\/www.nuvf.de\/wordpress\/index.php?rest_route=\/wp\/v2\/users\/1"}],"replies":[{"embeddable":true,"href":"http:\/\/www.nuvf.de\/wordpress\/index.php?rest_route=%2Fwp%2Fv2%2Fcomments&post=5"}],"version-history":[{"count":25,"href":"http:\/\/www.nuvf.de\/wordpress\/index.php?rest_route=\/wp\/v2\/pages\/5\/revisions"}],"predecessor-version":[{"id":9006,"href":"http:\/\/www.nuvf.de\/wordpress\/index.php?rest_route=\/wp\/v2\/pages\/5\/revisions\/9006"}],"wp:attachment":[{"href":"http:\/\/www.nuvf.de\/wordpress\/index.php?rest_route=%2Fwp%2Fv2%2Fmedia&parent=5"}],"curies":[{"name":"wp","href":"https:\/\/api.w.org\/{rel}","templated":true}]}}