{"id":5363,"date":"2019-07-01T21:34:36","date_gmt":"2019-07-01T19:34:36","guid":{"rendered":"http:\/\/www.nuvf.de\/wordpress\/?page_id=5363"},"modified":"2021-07-02T10:34:00","modified_gmt":"2021-07-02T08:34:00","slug":"springkrautbekaempfung","status":"publish","type":"page","link":"http:\/\/www.nuvf.de\/wordpress\/?page_id=5363","title":{"rendered":"Springkrautbek\u00e4mpfung"},"content":{"rendered":"<p>Views: 610<\/p>\n<p><strong><em>Warum die Natur- und Vogelfreunde brasilianische Macheten kauften &#8211; oder wie es zur Springkrautbek\u00e4mpfung kam<\/em><\/strong><\/p>\n\n\n\n<figure class=\"wp-block-image size-large\"><img loading=\"lazy\" decoding=\"async\" width=\"1024\" height=\"683\" src=\"http:\/\/www.nuvf.de\/wordpress\/wp-content\/uploads\/2018\/08\/Springkraut01-1024x683.jpg\" alt=\"Springkraut - Copyright A. Hakala\" class=\"wp-image-4748\" srcset=\"http:\/\/www.nuvf.de\/wordpress\/wp-content\/uploads\/2018\/08\/Springkraut01-1024x683.jpg 1024w, http:\/\/www.nuvf.de\/wordpress\/wp-content\/uploads\/2018\/08\/Springkraut01-300x200.jpg 300w, http:\/\/www.nuvf.de\/wordpress\/wp-content\/uploads\/2018\/08\/Springkraut01-768x512.jpg 768w\" sizes=\"auto, (max-width: 1024px) 100vw, 1024px\" \/><figcaption>Springkraut \u00a9&#xfe0f; A. Hakala<\/figcaption><\/figure>\n\n\n\n<p>Vor drei Jahren erz\u00e4hlte Frank Mehlin Johannes Br\u00f6dlin zum ersten Mal, dass er im Hotzenwald Springkraut mit der Machete  bek\u00e4mpfte. <\/p>\n\n\n\n<p>Anf\u00e4nglich konnte Johannes noch keinen Sinn in der Sache erkennen. Doch nach ein paar Gespr\u00e4chen und mehr Wissen \u00fcber die einj\u00e4hrige Pflanze war klar, dass es sich durchaus lohnt, wenn man das Springkraut vor der Samenreife abhackt, um es so an der <br> Ausbreitung zu hindern.<\/p>\n\n\n\n<figure class=\"wp-block-image\"><img loading=\"lazy\" decoding=\"async\" width=\"1024\" height=\"685\" src=\"http:\/\/www.nuvf.de\/wordpress\/wp-content\/uploads\/2019\/07\/Springkraut-2018-06-30-13-1024x685.jpg\" alt=\"\" class=\"wp-image-5365\" srcset=\"http:\/\/www.nuvf.de\/wordpress\/wp-content\/uploads\/2019\/07\/Springkraut-2018-06-30-13-1024x685.jpg 1024w, http:\/\/www.nuvf.de\/wordpress\/wp-content\/uploads\/2019\/07\/Springkraut-2018-06-30-13-300x201.jpg 300w, http:\/\/www.nuvf.de\/wordpress\/wp-content\/uploads\/2019\/07\/Springkraut-2018-06-30-13-768x514.jpg 768w, http:\/\/www.nuvf.de\/wordpress\/wp-content\/uploads\/2019\/07\/Springkraut-2018-06-30-13.jpg 1700w\" sizes=\"auto, (max-width: 1024px) 100vw, 1024px\" \/><figcaption>Frank Mehlin erkl\u00e4rt wie man die Macheten sch\u00e4rft\n<\/figcaption><\/figure>\n\n\n\n<p>Als Johannes dann vor Ort im Hotzenwald sehen konnte, wie viele Quadratkilometer <br> Frank vom Springkraut befreit hatte, und die Landjugend und Ortsans\u00e4ssigen mit <br> Begeisterung halfen, hatte Frank auch in Johannes einen neuen Mitstreiter gefunden. <\/p>\n\n\n\n<p>Von Jahr zu Jahr wurde es weniger Arbeit, und es stellte sich die Frage, wie die Situation in unseren Heimatgemeinden an den Bachl\u00e4ufen aussieht. Frank observierte schon immer <br>den oberen Teil des Feuerbachs bis Holzen, und hatte noch keine Populationen festgestellt. <\/p>\n\n\n\n<p>Aber schon vor Egringen bis in den sehr betroffenen M\u00fcndungsbereich des Feuerbachs hatte sich das Springkraut ausgebreitet. Noch war nicht alles hoffnungslos vom Springkraut \u00fcberwuchert, aber wie w\u00e4re das wohl in 10 Jahren?<\/p>\n\n\n\n<figure class=\"wp-block-image\"><img loading=\"lazy\" decoding=\"async\" width=\"1024\" height=\"686\" src=\"http:\/\/www.nuvf.de\/wordpress\/wp-content\/uploads\/2018\/07\/DSC_9774_041-1024x686.jpg\" alt=\"\" class=\"wp-image-4631\" srcset=\"http:\/\/www.nuvf.de\/wordpress\/wp-content\/uploads\/2018\/07\/DSC_9774_041-1024x686.jpg 1024w, http:\/\/www.nuvf.de\/wordpress\/wp-content\/uploads\/2018\/07\/DSC_9774_041-300x201.jpg 300w, http:\/\/www.nuvf.de\/wordpress\/wp-content\/uploads\/2018\/07\/DSC_9774_041-768x514.jpg 768w, http:\/\/www.nuvf.de\/wordpress\/wp-content\/uploads\/2018\/07\/DSC_9774_041.jpg 1356w\" sizes=\"auto, (max-width: 1024px) 100vw, 1024px\" \/><\/figure>\n\n\n\n<p>Da es zeitlich zu zweit sehr m\u00fchsam ist, \u00fcberlegten Frank und Johannes wo sie weitere <br>Mitstreiter finden k\u00f6nnten, denen die heimische Natur wichtig ist. Da lag es nahe die <strong>Natur- und Vogelfreunde zu fragen<\/strong>. Johannes nutzte die M\u00f6glichkeit dann auch zur ersten Kontakt-aufnahme mit Bernhard Wiesler, als die Natur- und Vogelfreunde an einem Samstagmorgen  hinter Johannes Haus ihren ersten Bacheinsatz des Winters absolvierten. <br> <br> Als Frank und Johannes dann das Projekt in einer <strong>Monatsversammlung vorstellen <\/strong>durften, und sich einige Mitglieder zum Helfen bereitfanden, kam es schon im <strong>Juli zum ersten Einsatz am Feuerbach<\/strong>. Mit Macheten bewaffnet ging es gut gelaunt in die Natur, und da die Arbeit auf so <strong>viele Helfer <\/strong>verteilt f\u00fcr den Einzelnen auch nicht zu m\u00fchsam war, hatten wir auch bei den folgenden Eins\u00e4tzen <strong>gen\u00fcgend Freiwillige<\/strong>. <\/p>\n\n\n\n<figure class=\"wp-block-image\"><img loading=\"lazy\" decoding=\"async\" width=\"1024\" height=\"685\" src=\"http:\/\/www.nuvf.de\/wordpress\/wp-content\/uploads\/2019\/07\/Springkraut-2018-06-30-2-1024x685.jpg\" alt=\"\" class=\"wp-image-5366\" srcset=\"http:\/\/www.nuvf.de\/wordpress\/wp-content\/uploads\/2019\/07\/Springkraut-2018-06-30-2-1024x685.jpg 1024w, http:\/\/www.nuvf.de\/wordpress\/wp-content\/uploads\/2019\/07\/Springkraut-2018-06-30-2-300x201.jpg 300w, http:\/\/www.nuvf.de\/wordpress\/wp-content\/uploads\/2019\/07\/Springkraut-2018-06-30-2-768x514.jpg 768w, http:\/\/www.nuvf.de\/wordpress\/wp-content\/uploads\/2019\/07\/Springkraut-2018-06-30-2.jpg 1700w\" sizes=\"auto, (max-width: 1024px) 100vw, 1024px\" \/><figcaption>Frank erkl\u00e4rt den Natur\u2013 und Vogelfreunden die Vorgehensweise\n<\/figcaption><\/figure>\n\n\n\n<p>Aus den gewonnenen Erfahrungen im Hotzenwald k\u00f6nnen wir davon ausgehen, dass in drei Jahren <strong>nur noch Kontrollg\u00e4nge <\/strong>n\u00f6tig sein werden. So k\u00f6nnen wir hoffnungsvoll in eine <strong>\u201eSpringkrautfreie Zukunft\u201c <\/strong>schauen. Damit ist dann ein wichtiger Beitrag f\u00fcr die Vielfalt in Flora und Fauna an heimischen B\u00e4chen geleistet, die durch die Befreiung eines Flach-wurzlers auf Dauer auch stabilisiert werden. Da aber noch viele tausend Samen im Boden schlummern, hei\u00dft es hoffentlich auch im n\u00e4chsten Juli wieder: Die \u201e<strong>Macheten-M\u00e4nner und -Frauen\u201c der NuVf <\/strong>bek\u00e4mpfen mit Frank Mehlin das Springkraut am Feuerbach.<\/p>\n\n\n\n<figure class=\"wp-block-image\"><img loading=\"lazy\" decoding=\"async\" width=\"768\" height=\"1024\" src=\"http:\/\/www.nuvf.de\/wordpress\/wp-content\/uploads\/2019\/07\/Springkraut-2018-06-30-8-768x1024.jpg\" alt=\"\" class=\"wp-image-5367\" srcset=\"http:\/\/www.nuvf.de\/wordpress\/wp-content\/uploads\/2019\/07\/Springkraut-2018-06-30-8-768x1024.jpg 768w, http:\/\/www.nuvf.de\/wordpress\/wp-content\/uploads\/2019\/07\/Springkraut-2018-06-30-8-225x300.jpg 225w, http:\/\/www.nuvf.de\/wordpress\/wp-content\/uploads\/2019\/07\/Springkraut-2018-06-30-8.jpg 1275w\" sizes=\"auto, (max-width: 768px) 100vw, 768px\" \/><\/figure>\n","protected":false},"excerpt":{"rendered":"<p>Views: 610 Warum die Natur- und Vogelfreunde brasilianische Macheten kauften &#8211; oder wie es zur Springkrautbek\u00e4mpfung kam Vor drei Jahren erz\u00e4hlte Frank Mehlin Johannes Br\u00f6dlin zum ersten Mal, dass er im Hotzenwald Springkraut mit der Machete bek\u00e4mpfte. Anf\u00e4nglich konnte Johannes noch keinen Sinn in der Sache erkennen. Doch nach ein paar Gespr\u00e4chen und mehr Wissen &hellip; <a href=\"http:\/\/www.nuvf.de\/wordpress\/?page_id=5363\" class=\"more-link\"><span class=\"screen-reader-text\">Springkrautbek\u00e4mpfung<\/span> weiterlesen <span class=\"meta-nav\">&rarr;<\/span><\/a><\/p>\n","protected":false},"author":4,"featured_media":0,"parent":7,"menu_order":120,"comment_status":"closed","ping_status":"closed","template":"","meta":{"footnotes":""},"class_list":["post-5363","page","type-page","status-publish","hentry"],"_links":{"self":[{"href":"http:\/\/www.nuvf.de\/wordpress\/index.php?rest_route=\/wp\/v2\/pages\/5363","targetHints":{"allow":["GET"]}}],"collection":[{"href":"http:\/\/www.nuvf.de\/wordpress\/index.php?rest_route=\/wp\/v2\/pages"}],"about":[{"href":"http:\/\/www.nuvf.de\/wordpress\/index.php?rest_route=\/wp\/v2\/types\/page"}],"author":[{"embeddable":true,"href":"http:\/\/www.nuvf.de\/wordpress\/index.php?rest_route=\/wp\/v2\/users\/4"}],"replies":[{"embeddable":true,"href":"http:\/\/www.nuvf.de\/wordpress\/index.php?rest_route=%2Fwp%2Fv2%2Fcomments&post=5363"}],"version-history":[{"count":5,"href":"http:\/\/www.nuvf.de\/wordpress\/index.php?rest_route=\/wp\/v2\/pages\/5363\/revisions"}],"predecessor-version":[{"id":7141,"href":"http:\/\/www.nuvf.de\/wordpress\/index.php?rest_route=\/wp\/v2\/pages\/5363\/revisions\/7141"}],"up":[{"embeddable":true,"href":"http:\/\/www.nuvf.de\/wordpress\/index.php?rest_route=\/wp\/v2\/pages\/7"}],"wp:attachment":[{"href":"http:\/\/www.nuvf.de\/wordpress\/index.php?rest_route=%2Fwp%2Fv2%2Fmedia&parent=5363"}],"curies":[{"name":"wp","href":"https:\/\/api.w.org\/{rel}","templated":true}]}}