{"id":5476,"date":"2019-07-13T08:15:43","date_gmt":"2019-07-13T06:15:43","guid":{"rendered":"http:\/\/www.nuvf.de\/wordpress\/?page_id=5476"},"modified":"2022-05-21T06:09:33","modified_gmt":"2022-05-21T04:09:33","slug":"ratgeber","status":"publish","type":"page","link":"http:\/\/www.nuvf.de\/wordpress\/?page_id=5476","title":{"rendered":"Ratgeber"},"content":{"rendered":"<p>Views: 594<\/p>\n<h2 class=\"wp-block-heading\">Jungvogel gefunden &#8211; Was nun?<\/h2>\n\n\n\n<figure class=\"wp-block-image\"><img loading=\"lazy\" decoding=\"async\" width=\"968\" height=\"648\" src=\"http:\/\/www.nuvf.de\/wordpress\/wp-content\/uploads\/2016\/06\/Hausspreling-10-klein.jpg\" alt=\"Sperling\" class=\"wp-image-2041\" srcset=\"http:\/\/www.nuvf.de\/wordpress\/wp-content\/uploads\/2016\/06\/Hausspreling-10-klein.jpg 968w, http:\/\/www.nuvf.de\/wordpress\/wp-content\/uploads\/2016\/06\/Hausspreling-10-klein-300x201.jpg 300w, http:\/\/www.nuvf.de\/wordpress\/wp-content\/uploads\/2016\/06\/Hausspreling-10-klein-768x514.jpg 768w\" sizes=\"auto, (max-width: 968px) 100vw, 968px\" \/><figcaption>Sperling &#8211; A. Hakala<\/figcaption><\/figure>\n\n\n\n<p><a rel=\"noreferrer noopener\" aria-label=\" (\u00f6ffnet in neuem Tab)\" href=\"https:\/\/www.nabu-vogelschutzzentrum.de\/vogelpflege\/vogel-gefunden-was-tun\/\" target=\"_blank\">NABU: Vogel gefunden &#8211; was tun?<\/a><br><a rel=\"noreferrer noopener\" aria-label=\" (\u00f6ffnet in neuem Tab)\" href=\"https:\/\/www.nabu.de\/tiere-und-pflanzen\/voegel\/helfen\/01945.html\" target=\"_blank\">NABU: &#8222;Verwaiste&#8220; Jungv\u00f6gel bitte nicht aufnehmen<\/a><\/p>\n\n\n\n<h2 class=\"wp-block-heading\">V\u00f6gel vor Aufprall an Fensterscheiben sch\u00fctzen<\/h2>\n\n\n\n<p>Ausf\u00fchrliche Auflistung der Methoden auf der Webseite <a href=\"http:\/\/www.federhilfe.de\" data-type=\"URL\" data-id=\"www.federhilfe.de\" target=\"_blank\" rel=\"noreferrer noopener\">www.federhilfe.de<\/a><\/p>\n\n\n\n<p>F\u00fcr erste Hilfe: <a href=\"https:\/\/www.vogelwarte.ch\/de\/vogelwarte\/news\/medienmitteilungen\/eine-glasklare-sache\" data-type=\"URL\" data-id=\"https:\/\/www.vogelwarte.ch\/de\/vogelwarte\/news\/medienmitteilungen\/eine-glasklare-sache\" target=\"_blank\" rel=\"noreferrer noopener\">www.vogelwarte.ch<\/a><\/p>\n\n\n\n<h2 class=\"wp-block-heading\">Vogelnester vor Katzen sch\u00fctzen<\/h2>\n\n\n\n<p>Katzenabwehrg\u00fcrtel wird zum Schutz von Frei- und H\u00f6hlenbr\u00fctern verwendet um das Anklettern von B\u00e4umen durch Katzen zu verhindern. <a rel=\"noreferrer noopener\" href=\"https:\/\/www.schwegler-natur.de\/portfolio_1408430257\/katzenabwehrguertel\/\" target=\"_blank\">Ein Beispiel <\/a><a rel=\"noreferrer noopener\" href=\"https:\/\/www.schwegler-natur.de\/portfolio_1408430257\/katzenabwehrguertel\/\" target=\"_blank\">a<\/a><a rel=\"noreferrer noopener\" href=\"https:\/\/www.schwegler-natur.de\/portfolio_1408430257\/katzenabwehrguertel\/\" target=\"_blank\">u<\/a><a rel=\"noreferrer noopener\" href=\"https:\/\/www.schwegler-natur.de\/portfolio_1408430257\/katzenabwehrguertel\/\" target=\"_blank\">f<\/a><a rel=\"noreferrer noopener\" href=\"https:\/\/www.schwegler-natur.de\/portfolio_1408430257\/katzenabwehrguertel\/\" target=\"_blank\"> <\/a><a rel=\"noreferrer noopener\" href=\"https:\/\/www.schwegler-natur.de\/portfolio_1408430257\/katzenabwehrguertel\/\" target=\"_blank\">d<\/a><a rel=\"noreferrer noopener\" href=\"https:\/\/www.schwegler-natur.de\/portfolio_1408430257\/katzenabwehrguertel\/\" target=\"_blank\">e<\/a><a rel=\"noreferrer noopener\" href=\"https:\/\/www.schwegler-natur.de\/portfolio_1408430257\/katzenabwehrguertel\/\" target=\"_blank\">r<\/a><a rel=\"noreferrer noopener\" href=\"https:\/\/www.schwegler-natur.de\/portfolio_1408430257\/katzenabwehrguertel\/\" target=\"_blank\"> <\/a><a rel=\"noreferrer noopener\" href=\"https:\/\/www.schwegler-natur.de\/portfolio_1408430257\/katzenabwehrguertel\/\" target=\"_blank\">W<\/a><a rel=\"noreferrer noopener\" href=\"https:\/\/www.schwegler-natur.de\/portfolio_1408430257\/katzenabwehrguertel\/\" target=\"_blank\">e<\/a><a rel=\"noreferrer noopener\" href=\"https:\/\/www.schwegler-natur.de\/portfolio_1408430257\/katzenabwehrguertel\/\" target=\"_blank\">b<\/a><a rel=\"noreferrer noopener\" href=\"https:\/\/www.schwegler-natur.de\/portfolio_1408430257\/katzenabwehrguertel\/\" target=\"_blank\">s<\/a><a rel=\"noreferrer noopener\" href=\"https:\/\/www.schwegler-natur.de\/portfolio_1408430257\/katzenabwehrguertel\/\" target=\"_blank\">e<\/a><a rel=\"noreferrer noopener\" href=\"https:\/\/www.schwegler-natur.de\/portfolio_1408430257\/katzenabwehrguertel\/\" target=\"_blank\">i<\/a><a rel=\"noreferrer noopener\" href=\"https:\/\/www.schwegler-natur.de\/portfolio_1408430257\/katzenabwehrguertel\/\" target=\"_blank\">t<\/a><a rel=\"noreferrer noopener\" href=\"https:\/\/www.schwegler-natur.de\/portfolio_1408430257\/katzenabwehrguertel\/\" target=\"_blank\">e<\/a><a rel=\"noreferrer noopener\" href=\"https:\/\/www.schwegler-natur.de\/portfolio_1408430257\/katzenabwehrguertel\/\" target=\"_blank\"> der <\/a><a rel=\"noreferrer noopener\" href=\"https:\/\/www.schwegler-natur.de\/portfolio_1408430257\/katzenabwehrguertel\/\" target=\"_blank\">F<\/a><a rel=\"noreferrer noopener\" href=\"https:\/\/www.schwegler-natur.de\/portfolio_1408430257\/katzenabwehrguertel\/\" target=\"_blank\">i<\/a><a rel=\"noreferrer noopener\" href=\"https:\/\/www.schwegler-natur.de\/portfolio_1408430257\/katzenabwehrguertel\/\" target=\"_blank\">r<\/a><a rel=\"noreferrer noopener\" href=\"https:\/\/www.schwegler-natur.de\/portfolio_1408430257\/katzenabwehrguertel\/\" target=\"_blank\">m<\/a><a rel=\"noreferrer noopener\" href=\"https:\/\/www.schwegler-natur.de\/portfolio_1408430257\/katzenabwehrguertel\/\" target=\"_blank\">a<\/a><a rel=\"noreferrer noopener\" href=\"https:\/\/www.schwegler-natur.de\/portfolio_1408430257\/katzenabwehrguertel\/\" target=\"_blank\"> <\/a><a rel=\"noreferrer noopener\" href=\"https:\/\/www.schwegler-natur.de\/portfolio_1408430257\/katzenabwehrguertel\/\" target=\"_blank\">Schwegler<\/a><\/p>\n\n\n\n<h2 class=\"wp-block-heading\">Wie f\u00fcttert man junge Wildv\u00f6gel <\/h2>\n\n\n\n<figure class=\"wp-block-embed is-type-wp-embed is-provider-wildvogelhilfe-org wp-block-embed-wildvogelhilfe-org\"><div class=\"wp-block-embed__wrapper\">\nhttps:\/\/wp.wildvogelhilfe.org\/de\/vogelwissen\/die-aufzucht\/wie-fuettert-man-junge-wildvoegel\/\n<\/div><\/figure>\n","protected":false},"excerpt":{"rendered":"<p>Views: 594 Jungvogel gefunden &#8211; Was nun? NABU: Vogel gefunden &#8211; was tun?NABU: &#8222;Verwaiste&#8220; Jungv\u00f6gel bitte nicht aufnehmen V\u00f6gel vor Aufprall an Fensterscheiben sch\u00fctzen Ausf\u00fchrliche Auflistung der Methoden auf der Webseite www.federhilfe.de F\u00fcr erste Hilfe: www.vogelwarte.ch Vogelnester vor Katzen sch\u00fctzen Katzenabwehrg\u00fcrtel wird zum Schutz von Frei- und H\u00f6hlenbr\u00fctern verwendet um das Anklettern von B\u00e4umen durch &hellip; <a href=\"http:\/\/www.nuvf.de\/wordpress\/?page_id=5476\" class=\"more-link\"><span class=\"screen-reader-text\">Ratgeber<\/span> weiterlesen <span class=\"meta-nav\">&rarr;<\/span><\/a><\/p>\n","protected":false},"author":4,"featured_media":0,"parent":0,"menu_order":525,"comment_status":"closed","ping_status":"closed","template":"","meta":{"footnotes":""},"class_list":["post-5476","page","type-page","status-publish","hentry"],"_links":{"self":[{"href":"http:\/\/www.nuvf.de\/wordpress\/index.php?rest_route=\/wp\/v2\/pages\/5476","targetHints":{"allow":["GET"]}}],"collection":[{"href":"http:\/\/www.nuvf.de\/wordpress\/index.php?rest_route=\/wp\/v2\/pages"}],"about":[{"href":"http:\/\/www.nuvf.de\/wordpress\/index.php?rest_route=\/wp\/v2\/types\/page"}],"author":[{"embeddable":true,"href":"http:\/\/www.nuvf.de\/wordpress\/index.php?rest_route=\/wp\/v2\/users\/4"}],"replies":[{"embeddable":true,"href":"http:\/\/www.nuvf.de\/wordpress\/index.php?rest_route=%2Fwp%2Fv2%2Fcomments&post=5476"}],"version-history":[{"count":16,"href":"http:\/\/www.nuvf.de\/wordpress\/index.php?rest_route=\/wp\/v2\/pages\/5476\/revisions"}],"predecessor-version":[{"id":7728,"href":"http:\/\/www.nuvf.de\/wordpress\/index.php?rest_route=\/wp\/v2\/pages\/5476\/revisions\/7728"}],"wp:attachment":[{"href":"http:\/\/www.nuvf.de\/wordpress\/index.php?rest_route=%2Fwp%2Fv2%2Fmedia&parent=5476"}],"curies":[{"name":"wp","href":"https:\/\/api.w.org\/{rel}","templated":true}]}}