{"id":565,"date":"2015-12-12T07:50:32","date_gmt":"2015-12-12T05:50:32","guid":{"rendered":"http:\/\/www.nuvf.de\/wordpress\/?page_id=565"},"modified":"2025-05-08T20:22:55","modified_gmt":"2025-05-08T18:22:55","slug":"kontakt","status":"publish","type":"page","link":"http:\/\/www.nuvf.de\/wordpress\/?page_id=565","title":{"rendered":"Kontakt"},"content":{"rendered":"<p>Views: 2254<\/p>\n<figure class=\"wp-block-image\"><img loading=\"lazy\" decoding=\"async\" width=\"1024\" height=\"686\" src=\"http:\/\/www.nuvf.de\/wordpress\/wp-content\/uploads\/2018\/02\/Traubenkirschen-Gespinstmotte-03-klein-1024x686.jpg\" alt=\"Traubenkirschen-Gespinstmotte - Copyright A. Hakala\" class=\"wp-image-4310\" srcset=\"http:\/\/www.nuvf.de\/wordpress\/wp-content\/uploads\/2018\/02\/Traubenkirschen-Gespinstmotte-03-klein-1024x686.jpg 1024w, http:\/\/www.nuvf.de\/wordpress\/wp-content\/uploads\/2018\/02\/Traubenkirschen-Gespinstmotte-03-klein-300x201.jpg 300w, http:\/\/www.nuvf.de\/wordpress\/wp-content\/uploads\/2018\/02\/Traubenkirschen-Gespinstmotte-03-klein-768x514.jpg 768w, http:\/\/www.nuvf.de\/wordpress\/wp-content\/uploads\/2018\/02\/Traubenkirschen-Gespinstmotte-03-klein.jpg 1356w\" sizes=\"auto, (max-width: 1024px) 100vw, 1024px\" \/><\/figure>\n\n\n\n<h3 class=\"wp-block-heading\">E-Mail:&nbsp;&nbsp;info(at)nuvf.de<\/h3>\n\n\n\n<p style=\"font-size:15px\"><em>Falls Sie keine Antwort auf Ihre E-Mail erhalten haben, pr\u00fcfen Sie bitte Ihren Spam-Ordner<\/em>.<\/p>\n\n\n\n<p><strong>Wir sind bei Instagram:<\/strong><\/p>\n\n\n\n<p><\/p>\n\n\n\n<p><img loading=\"lazy\" decoding=\"async\" width=\"150\" height=\"155\" class=\"wp-image-7400\" style=\"width: 150px;\" src=\"http:\/\/www.nuvf.de\/wordpress\/wp-content\/uploads\/2021\/12\/Screenshot_20211204-0742492.png\" alt=\"\" srcset=\"http:\/\/www.nuvf.de\/wordpress\/wp-content\/uploads\/2021\/12\/Screenshot_20211204-0742492.png 705w, http:\/\/www.nuvf.de\/wordpress\/wp-content\/uploads\/2021\/12\/Screenshot_20211204-0742492-290x300.png 290w\" sizes=\"auto, (max-width: 150px) 100vw, 150px\" \/><\/p>\n\n\n\n<p><\/p>\n\n\n\n<p><strong><mark style=\"background-color:rgba(0, 0, 0, 0)\" class=\"has-inline-color has-red-color\">Jungv\u00f6gel \/ Verletzter Vogel gefunden?<\/mark><\/strong><\/p>\n\n\n\n<p>Wir haben leider keine M\u00f6glichkeit uns um die gefundenen V\u00f6gel zu k\u00fcmmern. F\u00fcr mehr Hilfe schauen Sie bitte bei der NABU rein (<a rel=\"noreferrer noopener\" href=\"https:\/\/www.nabu-vogelschutzzentrum.de\/vogelpflege\/vogel-gefunden-was-tun\/\" target=\"_blank\">Link NABU<\/a>).<\/p>\n\n\n\n<h4 class=\"wp-block-heading\"><strong>Vorstandschaft<\/strong><\/h4>\n\n\n\n<p><strong>1. Vorstand<\/strong> &#8211; <strong>Christian Vollmert<\/strong><br>H\u00f6lzeleweg 6<br>79588 Efringen-Kirchen<br>Tel.: 07628\/800 7388<br>info(at)nuvf.de<\/p>\n\n\n\n<p>Alle anderen Vorstandsmitglieder erreichen Sie unter folgender E-Mail-Adresse: info(at)nuvf.de<\/p>\n\n\n\n<p><strong>2. Vorstand<\/strong> &#8211; Simon Hesse<\/p>\n\n\n\n<p><strong>Schriftf\u00fchrer<\/strong> &#8211; Daniel Gebhard schriftfuehrer(at)nuvf.de<\/p>\n\n\n\n<p><strong>1. Rechner<\/strong> &#8211; Aino Hakala <br>H\u00f6lzeleweg 6 <br>79588 Efringen-Kirchen<\/p>\n\n\n\n<p><strong>2.Rechner<\/strong> &#8211; <strong>Manuel St\u00e4chelin<\/strong><\/p>\n\n\n\n<p><strong>Naturwart\/Materialwart<\/strong> &#8211; <strong>Adrian&nbsp;Meier <\/strong>zusammen mit <strong>Gerhard Schneider<\/strong><br>info(at)nuvf.de<\/p>\n\n\n\n<p><strong>Beisitzer &#8211; Jeremie Tudoux <br>Beisitzer &#8211; Daniel Wirzt<\/strong><br><br><\/p>\n\n\n\n<p><strong>Unsere Vertreter in der Winzerfestgemeinschaft<\/strong><\/p>\n\n\n\n<p><strong>Simon Hesse<\/strong><br>event(at)nuvf.de<\/p>\n\n\n\n<p><strong>Bankverbindung<\/strong><\/p>\n\n\n\n<p>Natur- und Vogelfreunde Efringen-Kirchen e.V.<br>Sparkasse Markgr\u00e4flerland<br>IBAN: DE40 6835 1865 0007 3535 27<br>BIC: SOLADES1MGL<\/p>\n","protected":false},"excerpt":{"rendered":"<p>Views: 2254 E-Mail:&nbsp;&nbsp;info(at)nuvf.de Falls Sie keine Antwort auf Ihre E-Mail erhalten haben, pr\u00fcfen Sie bitte Ihren Spam-Ordner. Wir sind bei Instagram: Jungv\u00f6gel \/ Verletzter Vogel gefunden? Wir haben leider keine M\u00f6glichkeit uns um die gefundenen V\u00f6gel zu k\u00fcmmern. F\u00fcr mehr Hilfe schauen Sie bitte bei der NABU rein (Link NABU). Vorstandschaft 1. Vorstand &#8211; Christian &hellip; <a href=\"http:\/\/www.nuvf.de\/wordpress\/?page_id=565\" class=\"more-link\"><span class=\"screen-reader-text\">Kontakt<\/span> weiterlesen <span class=\"meta-nav\">&rarr;<\/span><\/a><\/p>\n","protected":false},"author":4,"featured_media":0,"parent":0,"menu_order":520,"comment_status":"closed","ping_status":"closed","template":"","meta":{"footnotes":""},"class_list":["post-565","page","type-page","status-publish","hentry"],"_links":{"self":[{"href":"http:\/\/www.nuvf.de\/wordpress\/index.php?rest_route=\/wp\/v2\/pages\/565","targetHints":{"allow":["GET"]}}],"collection":[{"href":"http:\/\/www.nuvf.de\/wordpress\/index.php?rest_route=\/wp\/v2\/pages"}],"about":[{"href":"http:\/\/www.nuvf.de\/wordpress\/index.php?rest_route=\/wp\/v2\/types\/page"}],"author":[{"embeddable":true,"href":"http:\/\/www.nuvf.de\/wordpress\/index.php?rest_route=\/wp\/v2\/users\/4"}],"replies":[{"embeddable":true,"href":"http:\/\/www.nuvf.de\/wordpress\/index.php?rest_route=%2Fwp%2Fv2%2Fcomments&post=565"}],"version-history":[{"count":98,"href":"http:\/\/www.nuvf.de\/wordpress\/index.php?rest_route=\/wp\/v2\/pages\/565\/revisions"}],"predecessor-version":[{"id":8756,"href":"http:\/\/www.nuvf.de\/wordpress\/index.php?rest_route=\/wp\/v2\/pages\/565\/revisions\/8756"}],"wp:attachment":[{"href":"http:\/\/www.nuvf.de\/wordpress\/index.php?rest_route=%2Fwp%2Fv2%2Fmedia&parent=565"}],"curies":[{"name":"wp","href":"https:\/\/api.w.org\/{rel}","templated":true}]}}