{"id":5925,"date":"2019-12-07T09:10:27","date_gmt":"2019-12-07T07:10:27","guid":{"rendered":"http:\/\/www.nuvf.de\/wordpress\/?page_id=5925"},"modified":"2025-01-12T14:40:42","modified_gmt":"2025-01-12T12:40:42","slug":"termine-einsaetze","status":"publish","type":"page","link":"http:\/\/www.nuvf.de\/wordpress\/?page_id=5925","title":{"rendered":"Unsere Eins\u00e4tze"},"content":{"rendered":"<p>Views: 733<\/p>\n<p>In den Wintermonaten liegt der Schwerpunkt der Eins\u00e4tze in der <strong>Bachpflege<\/strong>, im Sommer in der <strong>Biotopgestaltung <\/strong>und in der <strong>Neophytenbek\u00e4mpfung<\/strong>.<\/p>\n\n\n\n<p>Wir treffen uns in der Regel am <strong>Samstagmorgen um 9 Uhr<\/strong> f\u00fcr einen Einsatz von etwa drei Stunden (Treffpunkt Materiallager 09:00 Uhr (s. <a href=\"https:\/\/www.google.de\/maps\/place\/NuV+Materiallager+Natur-+und+Vogelfreunde+Efringen-Kirchen+e.V.\/@47.6440806,7.5559622,17z\/data=!3m1!4b1!4m5!3m4!1s0x4791bb049e1bd2f3:0xd339cf3397beec0f!8m2!3d47.6440927!4d7.5581832\" target=\"_blank\" rel=\"noreferrer noopener\">Karte<\/a>)). Nach dem Einsatz sitzen wir gerne noch zusammen und essen eine Kleinigkeit. Im Sommer haben wir ab und zu auch Abend-Eins\u00e4tze, im Fr\u00fchjahr und Herbst Pflanzaktionen.<br> <br>Wer etwas Gutes f\u00fcr die Umwelt (und nebenbei ein bisschen Fitness an der frischen Luft \ud83d\ude09 ) machen m\u00f6chte, ist bei uns herzlichst willkommen.<\/p>\n\n\n\n<p><a href=\"http:\/\/www.nuvf.de\/wordpress\/?page_id=522\" data-type=\"page\" data-id=\"522\">Termine<\/a><\/p>\n\n\n\n<figure class=\"wp-block-image size-large\"><img loading=\"lazy\" decoding=\"async\" width=\"1024\" height=\"684\" src=\"http:\/\/www.nuvf.de\/wordpress\/wp-content\/uploads\/2019\/11\/DSC_8203-1024x684.jpg\" alt=\"\" class=\"wp-image-5893\" srcset=\"http:\/\/www.nuvf.de\/wordpress\/wp-content\/uploads\/2019\/11\/DSC_8203-1024x684.jpg 1024w, http:\/\/www.nuvf.de\/wordpress\/wp-content\/uploads\/2019\/11\/DSC_8203-300x200.jpg 300w, http:\/\/www.nuvf.de\/wordpress\/wp-content\/uploads\/2019\/11\/DSC_8203-768x513.jpg 768w, http:\/\/www.nuvf.de\/wordpress\/wp-content\/uploads\/2019\/11\/DSC_8203.jpg 1800w\" sizes=\"auto, (max-width: 1024px) 100vw, 1024px\" \/><figcaption class=\"wp-element-caption\">\u00a9 A. Hakala<\/figcaption><\/figure>\n","protected":false},"excerpt":{"rendered":"<p>Views: 733 In den Wintermonaten liegt der Schwerpunkt der Eins\u00e4tze in der Bachpflege, im Sommer in der Biotopgestaltung und in der Neophytenbek\u00e4mpfung. Wir treffen uns in der Regel am Samstagmorgen um 9 Uhr f\u00fcr einen Einsatz von etwa drei Stunden (Treffpunkt Materiallager 09:00 Uhr (s. Karte)). Nach dem Einsatz sitzen wir gerne noch zusammen und &hellip; <a href=\"http:\/\/www.nuvf.de\/wordpress\/?page_id=5925\" class=\"more-link\"><span class=\"screen-reader-text\">Unsere Eins\u00e4tze<\/span> weiterlesen <span class=\"meta-nav\">&rarr;<\/span><\/a><\/p>\n","protected":false},"author":4,"featured_media":0,"parent":5,"menu_order":25,"comment_status":"closed","ping_status":"closed","template":"","meta":{"footnotes":""},"class_list":["post-5925","page","type-page","status-publish","hentry"],"_links":{"self":[{"href":"http:\/\/www.nuvf.de\/wordpress\/index.php?rest_route=\/wp\/v2\/pages\/5925","targetHints":{"allow":["GET"]}}],"collection":[{"href":"http:\/\/www.nuvf.de\/wordpress\/index.php?rest_route=\/wp\/v2\/pages"}],"about":[{"href":"http:\/\/www.nuvf.de\/wordpress\/index.php?rest_route=\/wp\/v2\/types\/page"}],"author":[{"embeddable":true,"href":"http:\/\/www.nuvf.de\/wordpress\/index.php?rest_route=\/wp\/v2\/users\/4"}],"replies":[{"embeddable":true,"href":"http:\/\/www.nuvf.de\/wordpress\/index.php?rest_route=%2Fwp%2Fv2%2Fcomments&post=5925"}],"version-history":[{"count":28,"href":"http:\/\/www.nuvf.de\/wordpress\/index.php?rest_route=\/wp\/v2\/pages\/5925\/revisions"}],"predecessor-version":[{"id":8612,"href":"http:\/\/www.nuvf.de\/wordpress\/index.php?rest_route=\/wp\/v2\/pages\/5925\/revisions\/8612"}],"up":[{"embeddable":true,"href":"http:\/\/www.nuvf.de\/wordpress\/index.php?rest_route=\/wp\/v2\/pages\/5"}],"wp:attachment":[{"href":"http:\/\/www.nuvf.de\/wordpress\/index.php?rest_route=%2Fwp%2Fv2%2Fmedia&parent=5925"}],"curies":[{"name":"wp","href":"https:\/\/api.w.org\/{rel}","templated":true}]}}