{"id":782,"date":"2015-12-19T07:58:23","date_gmt":"2015-12-19T05:58:23","guid":{"rendered":"http:\/\/www.nuvf.de\/wordpress\/?page_id=782"},"modified":"2019-07-27T15:08:02","modified_gmt":"2019-07-27T13:08:02","slug":"bachpatenschaft-2","status":"publish","type":"page","link":"http:\/\/www.nuvf.de\/wordpress\/?page_id=782","title":{"rendered":"Bachpatenschaft"},"content":{"rendered":"<p>Views: 992<\/p>\n<p>Einst flossen unsere B\u00e4che und Fl\u00fcsse, wie sie wollten. Sie traten \u00fcber die Ufer, wechselten das Bett, zerst\u00f6rten und lagerten ab. Jahrtausende lebte der Mensch mit diesen Gegebenheiten. <\/p>\n\n\n\n<figure class=\"wp-block-image\"><img loading=\"lazy\" decoding=\"async\" width=\"968\" height=\"648\" src=\"http:\/\/www.nuvf.de\/wordpress\/wp-content\/uploads\/2016\/04\/Feuerbach-01.jpg\" alt=\"\" class=\"wp-image-1530\" srcset=\"http:\/\/www.nuvf.de\/wordpress\/wp-content\/uploads\/2016\/04\/Feuerbach-01.jpg 968w, http:\/\/www.nuvf.de\/wordpress\/wp-content\/uploads\/2016\/04\/Feuerbach-01-300x201.jpg 300w, http:\/\/www.nuvf.de\/wordpress\/wp-content\/uploads\/2016\/04\/Feuerbach-01-768x514.jpg 768w\" sizes=\"auto, (max-width: 968px) 100vw, 968px\" \/><\/figure>\n\n\n\n<p>Erst seit dem 19. Jahrhundert begann er verst\u00e4rkt durch Begradigungen und Entw\u00e4sserungen B\u00e4che und Fl\u00fcsse einzuengen, um mehr Land zur Bewirtschaftung oder Schutz vor Hochwasser zu erreichen, daneben wurden auch viele Gew\u00e4sser als Abwasserkan\u00e4le missbraucht. Damit begann eine Verarmung der Auenlandschaft entlang unserer Gew\u00e4sser. Pflanzen- und Tierarten starben aus. <\/p>\n\n\n\n<figure class=\"wp-block-image\"><img loading=\"lazy\" decoding=\"async\" width=\"968\" height=\"648\" src=\"http:\/\/www.nuvf.de\/wordpress\/wp-content\/uploads\/2016\/04\/Feuerbach-02.jpg\" alt=\"\" class=\"wp-image-1531\" srcset=\"http:\/\/www.nuvf.de\/wordpress\/wp-content\/uploads\/2016\/04\/Feuerbach-02.jpg 968w, http:\/\/www.nuvf.de\/wordpress\/wp-content\/uploads\/2016\/04\/Feuerbach-02-300x201.jpg 300w, http:\/\/www.nuvf.de\/wordpress\/wp-content\/uploads\/2016\/04\/Feuerbach-02-768x514.jpg 768w\" sizes=\"auto, (max-width: 968px) 100vw, 968px\" \/><\/figure>\n\n\n\n<p>Wir Bachpaten versuchen nun dem Bach und seinen Ufern zu helfen in einen naturnahen Zustand zur\u00fcckzufinden, so dass sich dort wieder pflanzen- und tierreiche Lebensgemeinschaften entwickeln und halten k\u00f6nnen. <\/p>\n\n\n\n<figure class=\"wp-block-image\"><img loading=\"lazy\" decoding=\"async\" width=\"968\" height=\"648\" src=\"http:\/\/www.nuvf.de\/wordpress\/wp-content\/uploads\/2016\/12\/Bachpflege-2016-Dez-10-01-klein.jpg\" alt=\"\" class=\"wp-image-2752\" srcset=\"http:\/\/www.nuvf.de\/wordpress\/wp-content\/uploads\/2016\/12\/Bachpflege-2016-Dez-10-01-klein.jpg 968w, http:\/\/www.nuvf.de\/wordpress\/wp-content\/uploads\/2016\/12\/Bachpflege-2016-Dez-10-01-klein-300x201.jpg 300w, http:\/\/www.nuvf.de\/wordpress\/wp-content\/uploads\/2016\/12\/Bachpflege-2016-Dez-10-01-klein-768x514.jpg 768w\" sizes=\"auto, (max-width: 968px) 100vw, 968px\" \/><\/figure>\n\n\n\n<p>Die Pflege unserer B\u00e4che ist nach den Bestimmungen des Wasserhaushaltsgesetzes eine Aufgabe der Gemeinde.<\/p>\n\n\n\n<p>Die Natur- und Vogelfreunde haben aus Verantwortung f\u00fcr unsere Umwelt freiwillig diese Aufgabe im Jahre 1986 \u00fcbernommen. Wir sind somit im Interesse der Allgemeinheit t\u00e4tig.<\/p>\n\n\n\n<p class=\"has-medium-font-size\"><a href=\"http:\/\/www.nuvf.de\/wordpress\/?page_id=2750\"><strong>Ein Tag bei der Bachpflege&#8230;<\/strong><\/a><\/p>\n","protected":false},"excerpt":{"rendered":"<p>Views: 992 Einst flossen unsere B\u00e4che und Fl\u00fcsse, wie sie wollten. Sie traten \u00fcber die Ufer, wechselten das Bett, zerst\u00f6rten und lagerten ab. Jahrtausende lebte der Mensch mit diesen Gegebenheiten. Erst seit dem 19. Jahrhundert begann er verst\u00e4rkt durch Begradigungen und Entw\u00e4sserungen B\u00e4che und Fl\u00fcsse einzuengen, um mehr Land zur Bewirtschaftung oder Schutz vor Hochwasser &hellip; <a href=\"http:\/\/www.nuvf.de\/wordpress\/?page_id=782\" class=\"more-link\"><span class=\"screen-reader-text\">Bachpatenschaft<\/span> weiterlesen <span class=\"meta-nav\">&rarr;<\/span><\/a><\/p>\n","protected":false},"author":4,"featured_media":0,"parent":7,"menu_order":120,"comment_status":"closed","ping_status":"closed","template":"","meta":{"footnotes":""},"class_list":["post-782","page","type-page","status-publish","hentry"],"_links":{"self":[{"href":"http:\/\/www.nuvf.de\/wordpress\/index.php?rest_route=\/wp\/v2\/pages\/782","targetHints":{"allow":["GET"]}}],"collection":[{"href":"http:\/\/www.nuvf.de\/wordpress\/index.php?rest_route=\/wp\/v2\/pages"}],"about":[{"href":"http:\/\/www.nuvf.de\/wordpress\/index.php?rest_route=\/wp\/v2\/types\/page"}],"author":[{"embeddable":true,"href":"http:\/\/www.nuvf.de\/wordpress\/index.php?rest_route=\/wp\/v2\/users\/4"}],"replies":[{"embeddable":true,"href":"http:\/\/www.nuvf.de\/wordpress\/index.php?rest_route=%2Fwp%2Fv2%2Fcomments&post=782"}],"version-history":[{"count":22,"href":"http:\/\/www.nuvf.de\/wordpress\/index.php?rest_route=\/wp\/v2\/pages\/782\/revisions"}],"predecessor-version":[{"id":5456,"href":"http:\/\/www.nuvf.de\/wordpress\/index.php?rest_route=\/wp\/v2\/pages\/782\/revisions\/5456"}],"up":[{"embeddable":true,"href":"http:\/\/www.nuvf.de\/wordpress\/index.php?rest_route=\/wp\/v2\/pages\/7"}],"wp:attachment":[{"href":"http:\/\/www.nuvf.de\/wordpress\/index.php?rest_route=%2Fwp%2Fv2%2Fmedia&parent=782"}],"curies":[{"name":"wp","href":"https:\/\/api.w.org\/{rel}","templated":true}]}}