{"id":940,"date":"2016-01-16T14:29:01","date_gmt":"2016-01-16T12:29:01","guid":{"rendered":"http:\/\/www.nuvf.de\/wordpress\/?page_id=940"},"modified":"2023-03-09T08:57:32","modified_gmt":"2023-03-09T06:57:32","slug":"vortrag-beamershow-am-04-maerz-2016-mit-andy-meier","status":"publish","type":"page","link":"http:\/\/www.nuvf.de\/wordpress\/?page_id=940","title":{"rendered":"Vortr\u00e4ge 2023"},"content":{"rendered":"<p>Views: 732<\/p>\n<h2 class=\"wp-block-heading\">Warum denn in die Ferne schweifen&#8230;<\/h2>\n\n\n\n<p>Ein Vortrag des Naturfotografes <strong><a href=\"https:\/\/www.karlheinz-erz.de\/\" target=\"_blank\" rel=\"noreferrer noopener\">Karlheinz Erz<\/a><\/strong> am Donnerstag den 27. April 2023 um 19:00 Uhr in der  <a rel=\"noreferrer noopener\" href=\"https:\/\/bioweingut-kaufmann.de\/\" target=\"_blank\">Vinothek Kaufmann<\/a> in Kirchen. <\/p>\n\n\n\n<p><em>Karlheinz Erz<\/em><\/p>\n\n\n\n<p><em>20 Jahre war ich begeisterter Unterwasserfotograf. Meine Reiseziele waren:&nbsp;Mittelmeer, Rotes Meer, Malediven, Thailand, Burma, Malaysia, Philippinen, Australien, Galapagos, Florida,&nbsp;Cocos island in Costa Rica.&nbsp;<\/em><\/p>\n\n\n\n<p><em>Vor \u00fcber 10Jahren habe ich begonnen, mich auch&nbsp;mit der Natur \u00fcber Wasser fotografisch ernsthaft zu befassen. Bisher waren meine naturfotografischen Ziele Deutschlands S\u00fcdwesten&nbsp;aber auch Kenia , Tansania, Sambia, S\u00fcdafrika und Botswana. Murmeltiere fotografierte ich am Gro\u00dfglockner, Seeadler in Norwegen, Birkhahn Balz in Schweden,&nbsp;Bienenfresser und&nbsp;Wiedehopfe im Kaiserstuhl und in Bulgarien. G\u00e4msen im Elsass. Inzwischen war ich auch nochmals in Lembeh (Indonesien) f\u00fcr Makrofotografie unter Wasser.&nbsp;H\u00e4ufig bin ich in der&nbsp;Petite Camargue, einem Naturschutzgebiet im Elsass.&nbsp;<\/em><\/p>\n\n\n\n<p><em>Seit 12 Jahren bin ich&nbsp;Vollmitglied in der GDT (Gesellschaft Deutscher Tierfotografen).<\/em><\/p>\n\n\n\n<figure class=\"wp-block-image size-full\"><a href=\"http:\/\/www.nuvf.de\/wordpress\/wp-content\/uploads\/2022\/08\/20220821_142645-COLLAGE.jpg\"><img loading=\"lazy\" decoding=\"async\" width=\"933\" height=\"933\" src=\"http:\/\/www.nuvf.de\/wordpress\/wp-content\/uploads\/2022\/08\/20220821_142645-COLLAGE.jpg\" alt=\"\" class=\"wp-image-7832\" srcset=\"http:\/\/www.nuvf.de\/wordpress\/wp-content\/uploads\/2022\/08\/20220821_142645-COLLAGE.jpg 933w, http:\/\/www.nuvf.de\/wordpress\/wp-content\/uploads\/2022\/08\/20220821_142645-COLLAGE-300x300.jpg 300w, http:\/\/www.nuvf.de\/wordpress\/wp-content\/uploads\/2022\/08\/20220821_142645-COLLAGE-150x150.jpg 150w, http:\/\/www.nuvf.de\/wordpress\/wp-content\/uploads\/2022\/08\/20220821_142645-COLLAGE-768x768.jpg 768w\" sizes=\"auto, (max-width: 933px) 100vw, 933px\" \/><\/a><figcaption class=\"wp-element-caption\">\u00a9 Karlheinz Erz<\/figcaption><\/figure>\n","protected":false},"excerpt":{"rendered":"<p>Views: 732 Warum denn in die Ferne schweifen&#8230; Ein Vortrag des Naturfotografes Karlheinz Erz am Donnerstag den 27. April 2023 um 19:00 Uhr in der Vinothek Kaufmann in Kirchen. Karlheinz Erz 20 Jahre war ich begeisterter Unterwasserfotograf. Meine Reiseziele waren:&nbsp;Mittelmeer, Rotes Meer, Malediven, Thailand, Burma, Malaysia, Philippinen, Australien, Galapagos, Florida,&nbsp;Cocos island in Costa Rica.&nbsp; Vor &hellip; <a href=\"http:\/\/www.nuvf.de\/wordpress\/?page_id=940\" class=\"more-link\"><span class=\"screen-reader-text\">Vortr\u00e4ge 2023<\/span> weiterlesen <span class=\"meta-nav\">&rarr;<\/span><\/a><\/p>\n","protected":false},"author":4,"featured_media":0,"parent":5567,"menu_order":335,"comment_status":"closed","ping_status":"closed","template":"","meta":{"footnotes":""},"class_list":["post-940","page","type-page","status-publish","hentry"],"_links":{"self":[{"href":"http:\/\/www.nuvf.de\/wordpress\/index.php?rest_route=\/wp\/v2\/pages\/940","targetHints":{"allow":["GET"]}}],"collection":[{"href":"http:\/\/www.nuvf.de\/wordpress\/index.php?rest_route=\/wp\/v2\/pages"}],"about":[{"href":"http:\/\/www.nuvf.de\/wordpress\/index.php?rest_route=\/wp\/v2\/types\/page"}],"author":[{"embeddable":true,"href":"http:\/\/www.nuvf.de\/wordpress\/index.php?rest_route=\/wp\/v2\/users\/4"}],"replies":[{"embeddable":true,"href":"http:\/\/www.nuvf.de\/wordpress\/index.php?rest_route=%2Fwp%2Fv2%2Fcomments&post=940"}],"version-history":[{"count":33,"href":"http:\/\/www.nuvf.de\/wordpress\/index.php?rest_route=\/wp\/v2\/pages\/940\/revisions"}],"predecessor-version":[{"id":8001,"href":"http:\/\/www.nuvf.de\/wordpress\/index.php?rest_route=\/wp\/v2\/pages\/940\/revisions\/8001"}],"up":[{"embeddable":true,"href":"http:\/\/www.nuvf.de\/wordpress\/index.php?rest_route=\/wp\/v2\/pages\/5567"}],"wp:attachment":[{"href":"http:\/\/www.nuvf.de\/wordpress\/index.php?rest_route=%2Fwp%2Fv2%2Fmedia&parent=940"}],"curies":[{"name":"wp","href":"https:\/\/api.w.org\/{rel}","templated":true}]}}